{"id":11440,"date":"2026-04-09T15:45:40","date_gmt":"2026-04-09T15:45:40","guid":{"rendered":"https:\/\/x-revup.com\/?post_type=product&#038;p=11440"},"modified":"2026-04-09T15:47:39","modified_gmt":"2026-04-09T15:47:39","slug":"gant-ls2-chaki","status":"publish","type":"product","link":"https:\/\/x-revup.com\/fr\/produit\/gant-ls2-chaki\/","title":{"rendered":"GANT LS2 CHAKI"},"content":{"rendered":"","protected":false},"excerpt":{"rendered":"<p style=\"text-align: left;\">Gants l\u00e9gers avec une grande ventilation gr\u00e2ce aux paumes perfor\u00e9es. Protection r\u00e9sitante des articulations des doigts. Relief en silicone sur la paume et les doigts procurant une adh\u00e9rence optimale. Compatible avec les \u00e9crans tactiles.<\/p>\n<div class=\"col-lg-12\" style=\"text-align: left;\">\n<div class=\"heading-text text-center\">\n<h2>SP\u00c9CIFICATIONS TECHNIQUES<\/h2>\n<\/div>\n<\/div>\n<div class=\"col-lg-12\">\n<div class=\"row justify-content-center\">\n<div class=\"col-lg-4 mb-3 animated fadeInUp visible\" style=\"text-align: left;\" data-animate=\"fadeInUp\" data-animate-delay=\"0\">\n<h3>MAT\u00c9RIAUX &amp; TISSUS<\/h3>\n<div class=\"list-icon text-dark\">\n<div class=\"ac-itemd\">\n<div class=\"ac-contentd\">\n<p class=\"mb-1\">\u2022 Cuir de ch\u00e8vre perfor\u00e9<\/p>\n<p class=\"mb-1\">\u2022 Lycra<\/p>\n<p class=\"mb-1\">\u2022 N\u00e9opr\u00e8ne<\/p>\n<p class=\"mb-1\">\u2022 Textile<\/p>\n<h6>CERTIFI\u00c9<\/h6>\n<p class=\"mb-1\">\u2022 EN13594:2015-1<\/p>\n<p><img decoding=\"async\" class=\"media-ico\" src=\"https:\/\/static.ls2helmets.com\/icon\/1en13594jpg.jpg\" alt=\"\" width=\"193\" height=\"124\" \/><\/p>\n<\/div>\n<\/div>\n<\/div>\n<\/div>\n<div class=\"col-lg-4 mb-3 animated fadeInUp visible\" style=\"text-align: left;\" data-animate=\"fadeInUp\" data-animate-delay=\"200\">\n<h3>PROTECTIONS<\/h3>\n<div class=\"list-icon text-dark\">\n<div class=\"ac-itemd\">\n<div class=\"ac-contentd\">\n<p class=\"mb-1\">\u2022 Protection en mousse des doigts<\/p>\n<p class=\"mb-1\">\u2022 Protection des articulations des doigts en TPU<\/p>\n<p class=\"mb-1\">\u2022 Protection EVA au niveau de la paume<\/p>\n<p class=\"mb-1\">\u2022 Renforcement du pouce<\/p>\n<\/div>\n<\/div>\n<\/div>\n<\/div>\n<div class=\"col-lg-4 mb-3 animated fadeInUp visible\" data-animate=\"fadeInUp\" data-animate-delay=\"400\">\n<h3 style=\"text-align: left;\">CARACT\u00c9RISTIQUES<\/h3>\n<div class=\"list-icon text-dark\">\n<div class=\"ac-itemd\">\n<div class=\"ac-contentd\">\n<p class=\"mb-1\" style=\"text-align: left;\">\u2022 Perforations pour une ventilation optimale<\/p>\n<p class=\"mb-1\" style=\"text-align: left;\">\u2022 Possibilit\u00e9 de toucher l&#8217;\u00e9cran tactile de l&#8217;index<\/p>\n<p class=\"mb-1\" style=\"text-align: left;\">\u2022 R\u00e9glage du poignet par Velcro<\/p>\n<p class=\"mb-1\" style=\"text-align: left;\">\u2022 Renforcement du pouce<\/p>\n<p class=\"mb-1\" style=\"text-align: left;\">\u2022 Maille respirante<\/p>\n<p class=\"mb-1\" style=\"text-align: left;\">\u2022 Relief en silicone sur le doigt et la paume<\/p>\n<p class=\"mb-1\" style=\"text-align: left;\">\u2022 Tirette facile \u00e0 enfiler<\/p>\n<\/div>\n<\/div>\n<\/div>\n<\/div>\n<\/div>\n<\/div>","protected":false},"featured_media":11377,"template":"","meta":{"om_disable_all_campaigns":false,"_surecart_dashboard_logo_width":"180px","_surecart_dashboard_show_logo":true,"_surecart_dashboard_navigation_orders":true,"_surecart_dashboard_navigation_invoices":true,"_surecart_dashboard_navigation_subscriptions":true,"_surecart_dashboard_navigation_downloads":true,"_surecart_dashboard_navigation_billing":true,"_surecart_dashboard_navigation_account":true,"_monsterinsights_skip_tracking":false,"_monsterinsights_sitenote_active":false,"_monsterinsights_sitenote_note":"","_monsterinsights_sitenote_category":0,"site-sidebar-layout":"default","site-content-layout":"","ast-site-content-layout":"default","site-content-style":"default","site-sidebar-style":"default","ast-global-header-display":"","ast-banner-title-visibility":"","ast-main-header-display":"","ast-hfb-above-header-display":"","ast-hfb-below-header-display":"","ast-hfb-mobile-header-display":"","site-post-title":"","ast-breadcrumbs-content":"","ast-featured-img":"","footer-sml-layout":"","ast-disable-related-posts":"","theme-transparent-header-meta":"default","adv-header-id-meta":"","stick-header-meta":"","header-above-stick-meta":"","header-main-stick-meta":"","header-below-stick-meta":"","astra-migrate-meta-layouts":"set","ast-page-background-enabled":"default","ast-page-background-meta":{"desktop":{"background-color":"","background-image":"","background-repeat":"repeat","background-position":"center center","background-size":"auto","background-attachment":"scroll","background-type":"","background-media":"","overlay-type":"","overlay-color":"","overlay-opacity":"","overlay-gradient":""},"tablet":{"background-color":"","background-image":"","background-repeat":"repeat","background-position":"center center","background-size":"auto","background-attachment":"scroll","background-type":"","background-media":"","overlay-type":"","overlay-color":"","overlay-opacity":"","overlay-gradient":""},"mobile":{"background-color":"","background-image":"","background-repeat":"repeat","background-position":"center center","background-size":"auto","background-attachment":"scroll","background-type":"","background-media":"","overlay-type":"","overlay-color":"","overlay-opacity":"","overlay-gradient":""}},"ast-content-background-meta":{"desktop":{"background-color":"var(--ast-global-color-5)","background-image":"","background-repeat":"repeat","background-position":"center center","background-size":"auto","background-attachment":"scroll","background-type":"","background-media":"","overlay-type":"","overlay-color":"","overlay-opacity":"","overlay-gradient":""},"tablet":{"background-color":"var(--ast-global-color-5)","background-image":"","background-repeat":"repeat","background-position":"center center","background-size":"auto","background-attachment":"scroll","background-type":"","background-media":"","overlay-type":"","overlay-color":"","overlay-opacity":"","overlay-gradient":""},"mobile":{"background-color":"var(--ast-global-color-5)","background-image":"","background-repeat":"repeat","background-position":"center center","background-size":"auto","background-attachment":"scroll","background-type":"","background-media":"","overlay-type":"","overlay-color":"","overlay-opacity":"","overlay-gradient":""}}},"product_brand":[150],"product_cat":[65],"product_tag":[],"class_list":{"0":"post-11440","1":"product","2":"type-product","3":"status-publish","4":"has-post-thumbnail","6":"product_brand-ls2","7":"product_cat-gants","8":"desktop-align-center","9":"tablet-align-center","10":"mobile-align-center","12":"first","13":"instock","14":"shipping-taxable","15":"purchasable","16":"product-type-variable"},"aioseo_notices":[],"jetpack_sharing_enabled":true,"_links":{"self":[{"href":"https:\/\/x-revup.com\/fr\/wp-json\/wp\/v2\/product\/11440","targetHints":{"allow":["GET"]}}],"collection":[{"href":"https:\/\/x-revup.com\/fr\/wp-json\/wp\/v2\/product"}],"about":[{"href":"https:\/\/x-revup.com\/fr\/wp-json\/wp\/v2\/types\/product"}],"wp:featuredmedia":[{"embeddable":true,"href":"https:\/\/x-revup.com\/fr\/wp-json\/wp\/v2\/media\/11377"}],"wp:attachment":[{"href":"https:\/\/x-revup.com\/fr\/wp-json\/wp\/v2\/media?parent=11440"}],"wp:term":[{"taxonomy":"product_brand","embeddable":true,"href":"https:\/\/x-revup.com\/fr\/wp-json\/wp\/v2\/product_brand?post=11440"},{"taxonomy":"product_cat","embeddable":true,"href":"https:\/\/x-revup.com\/fr\/wp-json\/wp\/v2\/product_cat?post=11440"},{"taxonomy":"product_tag","embeddable":true,"href":"https:\/\/x-revup.com\/fr\/wp-json\/wp\/v2\/product_tag?post=11440"}],"curies":[{"name":"wp","href":"https:\/\/api.w.org\/{rel}","templated":true}]}}