{"id":11374,"date":"2026-04-09T15:34:12","date_gmt":"2026-04-09T15:34:12","guid":{"rendered":"https:\/\/x-revup.com\/?post_type=product&#038;p=11374"},"modified":"2026-04-09T15:40:41","modified_gmt":"2026-04-09T15:40:41","slug":"gant-ls2-alfa","status":"publish","type":"product","link":"https:\/\/x-revup.com\/fr\/produit\/gant-ls2-alfa\/","title":{"rendered":"GANT LS2 ALFA"},"content":{"rendered":"","protected":false},"excerpt":{"rendered":"<div class=\"col-lg-12\">\n<div class=\"heading-text text-center\">\n<p style=\"text-align: left;\">Le gant court d&#8217;\u00e9t\u00e9 LS2 Alfa a \u00e9t\u00e9 m\u00e9ticuleusement con\u00e7u en mettant l&#8217;accent sur le confort, la flexibilit\u00e9 et la s\u00e9curit\u00e9. Sa construction sans couture garantit un confort et une respirabilit\u00e9 exceptionnels, pour que vos mains restent au frais tout au long de votre trajet.<\/p>\n<h1 style=\"text-align: left;\">SP\u00c9CIFICATIONS TECHNIQUES<\/h1>\n<\/div>\n<\/div>\n<div class=\"col-lg-12\">\n<div class=\"row justify-content-center\">\n<div class=\"col-lg-4 mb-3 animated fadeInUp visible\" style=\"text-align: left;\" data-animate=\"fadeInUp\" data-animate-delay=\"0\">\n<h3>MAT\u00c9RIAUX &amp; TISSUS<\/h3>\n<div class=\"list-icon text-dark\">\n<div class=\"ac-itemd\">\n<div class=\"ac-contentd\">\n<p class=\"mb-1\">\u2022\u00a0<b>Ext\u00e9rieur :<\/b>\u00a0Tissus en polyester, Clarino, Tricot<\/p>\n<p class=\"mb-1\">\u2022\u00a0<b>Doublure :<\/b>\u00a0Doublure en tricot.<\/p>\n<h6>CERTIFI\u00c9<\/h6>\n<p class=\"mb-1\">\u2022 eu2016\/425<\/p>\n<p><img decoding=\"async\" class=\"media-ico\" src=\"https:\/\/static.ls2helmets.com\/icon\/euro2016425jpg.jpg\" alt=\"\" width=\"174\" height=\"87\" \/><\/p>\n<\/div>\n<\/div>\n<\/div>\n<\/div>\n<div class=\"col-lg-4 mb-3 animated fadeInUp visible\" style=\"text-align: left;\" data-animate=\"fadeInUp\" data-animate-delay=\"200\">\n<h3>PROTECTIONS<\/h3>\n<div class=\"list-icon text-dark\">\n<div class=\"ac-itemd\">\n<div class=\"ac-contentd\">\n<p class=\"mb-1\">\u2022 Protection des articulations en PU souple et flexible.<\/p>\n<p class=\"mb-1\">\u2022 Inserts en microfibre sur la paume et l&#8217;auriculaire<\/p>\n<p class=\"mb-1\">\u2022 Paume renforc\u00e9e<\/p>\n<p class=\"mb-1\">\u2022 Double renfort en cuir synth\u00e9tique sur le c\u00f4t\u00e9, la paume et le pouce pour une grande durabilit\u00e9<\/p>\n<\/div>\n<\/div>\n<\/div>\n<\/div>\n<div class=\"col-lg-4 mb-3 animated fadeInUp visible\" data-animate=\"fadeInUp\" data-animate-delay=\"400\">\n<h3 style=\"text-align: left;\">CARACT\u00c9RISTIQUES<\/h3>\n<div class=\"list-icon text-dark\">\n<div class=\"ac-itemd\">\n<div class=\"ac-contentd\">\n<p class=\"mb-1\" style=\"text-align: left;\">\u2022 Tricot extensible sans couture sur le dos de la main<\/p>\n<p class=\"mb-1\" style=\"text-align: left;\">\u2022 Poignet r\u00e9glable<\/p>\n<p class=\"mb-1\" style=\"text-align: left;\">\u2022 Graphique s\u00e9rigraphi\u00e9 en silicone antid\u00e9rapant sur la paume pour une meilleure prise en main<\/p>\n<p class=\"mb-1\" style=\"text-align: left;\">\u2022 Compatible avec les \u00e9crans tactiles sur l&#8217;index<\/p>\n<p class=\"mb-1\" style=\"text-align: left;\">\u2022 Doigts pr\u00e9-courb\u00e9s<\/p>\n<p class=\"mb-1\" style=\"text-align: left;\">\u2022 Protection de la paume en caoutchouc<\/p>\n<\/div>\n<\/div>\n<\/div>\n<\/div>\n<\/div>\n<\/div>","protected":false},"featured_media":11375,"template":"","meta":{"om_disable_all_campaigns":false,"_surecart_dashboard_logo_width":"180px","_surecart_dashboard_show_logo":true,"_surecart_dashboard_navigation_orders":true,"_surecart_dashboard_navigation_invoices":true,"_surecart_dashboard_navigation_subscriptions":true,"_surecart_dashboard_navigation_downloads":true,"_surecart_dashboard_navigation_billing":true,"_surecart_dashboard_navigation_account":true,"_monsterinsights_skip_tracking":false,"_monsterinsights_sitenote_active":false,"_monsterinsights_sitenote_note":"","_monsterinsights_sitenote_category":0,"site-sidebar-layout":"default","site-content-layout":"","ast-site-content-layout":"default","site-content-style":"default","site-sidebar-style":"default","ast-global-header-display":"","ast-banner-title-visibility":"","ast-main-header-display":"","ast-hfb-above-header-display":"","ast-hfb-below-header-display":"","ast-hfb-mobile-header-display":"","site-post-title":"","ast-breadcrumbs-content":"","ast-featured-img":"","footer-sml-layout":"","ast-disable-related-posts":"","theme-transparent-header-meta":"default","adv-header-id-meta":"","stick-header-meta":"","header-above-stick-meta":"","header-main-stick-meta":"","header-below-stick-meta":"","astra-migrate-meta-layouts":"set","ast-page-background-enabled":"default","ast-page-background-meta":{"desktop":{"background-color":"","background-image":"","background-repeat":"repeat","background-position":"center center","background-size":"auto","background-attachment":"scroll","background-type":"","background-media":"","overlay-type":"","overlay-color":"","overlay-opacity":"","overlay-gradient":""},"tablet":{"background-color":"","background-image":"","background-repeat":"repeat","background-position":"center center","background-size":"auto","background-attachment":"scroll","background-type":"","background-media":"","overlay-type":"","overlay-color":"","overlay-opacity":"","overlay-gradient":""},"mobile":{"background-color":"","background-image":"","background-repeat":"repeat","background-position":"center center","background-size":"auto","background-attachment":"scroll","background-type":"","background-media":"","overlay-type":"","overlay-color":"","overlay-opacity":"","overlay-gradient":""}},"ast-content-background-meta":{"desktop":{"background-color":"var(--ast-global-color-5)","background-image":"","background-repeat":"repeat","background-position":"center center","background-size":"auto","background-attachment":"scroll","background-type":"","background-media":"","overlay-type":"","overlay-color":"","overlay-opacity":"","overlay-gradient":""},"tablet":{"background-color":"var(--ast-global-color-5)","background-image":"","background-repeat":"repeat","background-position":"center center","background-size":"auto","background-attachment":"scroll","background-type":"","background-media":"","overlay-type":"","overlay-color":"","overlay-opacity":"","overlay-gradient":""},"mobile":{"background-color":"var(--ast-global-color-5)","background-image":"","background-repeat":"repeat","background-position":"center center","background-size":"auto","background-attachment":"scroll","background-type":"","background-media":"","overlay-type":"","overlay-color":"","overlay-opacity":"","overlay-gradient":""}}},"product_brand":[150],"product_cat":[65],"product_tag":[],"class_list":{"0":"post-11374","1":"product","2":"type-product","3":"status-publish","4":"has-post-thumbnail","6":"product_brand-ls2","7":"product_cat-gants","8":"desktop-align-center","9":"tablet-align-center","10":"mobile-align-center","12":"first","13":"instock","14":"shipping-taxable","15":"purchasable","16":"product-type-variable"},"aioseo_notices":[],"jetpack_sharing_enabled":true,"_links":{"self":[{"href":"https:\/\/x-revup.com\/fr\/wp-json\/wp\/v2\/product\/11374","targetHints":{"allow":["GET"]}}],"collection":[{"href":"https:\/\/x-revup.com\/fr\/wp-json\/wp\/v2\/product"}],"about":[{"href":"https:\/\/x-revup.com\/fr\/wp-json\/wp\/v2\/types\/product"}],"wp:featuredmedia":[{"embeddable":true,"href":"https:\/\/x-revup.com\/fr\/wp-json\/wp\/v2\/media\/11375"}],"wp:attachment":[{"href":"https:\/\/x-revup.com\/fr\/wp-json\/wp\/v2\/media?parent=11374"}],"wp:term":[{"taxonomy":"product_brand","embeddable":true,"href":"https:\/\/x-revup.com\/fr\/wp-json\/wp\/v2\/product_brand?post=11374"},{"taxonomy":"product_cat","embeddable":true,"href":"https:\/\/x-revup.com\/fr\/wp-json\/wp\/v2\/product_cat?post=11374"},{"taxonomy":"product_tag","embeddable":true,"href":"https:\/\/x-revup.com\/fr\/wp-json\/wp\/v2\/product_tag?post=11374"}],"curies":[{"name":"wp","href":"https:\/\/api.w.org\/{rel}","templated":true}]}}