{"id":11363,"date":"2026-04-09T13:52:29","date_gmt":"2026-04-09T13:52:29","guid":{"rendered":"https:\/\/x-revup.com\/?post_type=product&#038;p=11363"},"modified":"2026-04-09T14:04:18","modified_gmt":"2026-04-09T14:04:18","slug":"casque-caberg-drift-evo-carbon-pro-sonic","status":"publish","type":"product","link":"https:\/\/x-revup.com\/fr\/produit\/casque-caberg-drift-evo-carbon-pro-sonic\/","title":{"rendered":"CASQUE CABERG DRIFT EVO CARBON PRO SONIC"},"content":{"rendered":"","protected":false},"excerpt":{"rendered":"<p style=\"text-align: left;\"><strong>Casque Caberg Drift Evo Carbon Pro<\/strong><\/p>\n<p style=\"text-align: left;\">Le casque int\u00e9gral Drift Evo de Caberg offre un design encore plus sportif et plus agressif que le casque int\u00e9gral bien connu Drift. Avec une doublure enti\u00e8rement redessin\u00e9e, le Drift Evo a un bon ajustement et confort. L&#8217;aileron arri\u00e8re augmente l&#8217;a\u00e9rodynamique \u00e0 des vitesses plus \u00e9lev\u00e9es et r\u00e9duit la turbulence.<\/p>\n<p style=\"text-align: left;\"><strong>fonctionnalit\u00e9s:<\/strong><\/p>\n<ul>\n<li style=\"text-align: left;\">visi\u00e8re r\u00e9sistante aux rayures, y compris Pinlock<\/li>\n<li style=\"text-align: left;\">visi\u00e8re de soleil int\u00e9gr\u00e9e<\/li>\n<li style=\"text-align: left;\">changement facile et rapide de la visi\u00e8re<\/li>\n<li style=\"text-align: left;\">M\u00e9canisme de visi\u00e8re de d\u00e9gagement rapide pour l&#8217;ajustement fin de la visi\u00e8re<\/li>\n<li style=\"text-align: left;\">Ventilation de la vue et de la t\u00eate<\/li>\n<li style=\"text-align: left;\">profil anti-pluie<\/li>\n<li style=\"text-align: left;\">soufflerie test\u00e9 a\u00e9rodynamique<\/li>\n<li style=\"text-align: left;\">double garde anti-turbulentcou<\/li>\n<li style=\"text-align: left;\">coupe-vent amovible<\/li>\n<li style=\"text-align: left;\">\u00e9quipement int\u00e9rieur amovible et lavable<\/li>\n<li style=\"text-align: left;\">rev\u00eatement multicouche de haute qualit\u00e9 avec protection UV<\/li>\n<li style=\"text-align: left;\">pr\u00e9par\u00e9 pour l&#8217;ensemble de communication Bluetooth<\/li>\n<\/ul>\n<p style=\"text-align: left;\"><strong>Sp\u00e9cifications:<\/strong><\/p>\n<ul>\n<li style=\"text-align: left;\">Carbone<\/li>\n<li style=\"text-align: left;\">Doublure 100% polyester<\/li>\n<li style=\"text-align: left;\">ECE 22.05<\/li>\n<li style=\"text-align: left;\">Fermeture: Double D<\/li>\n<\/ul>\n<p style=\"text-align: left;\">Poids: petite coque casque (XS-M): 1280g (-50g); grande coque de casque (L-2XL) : 1340g (-50g)<\/p>\n<p style=\"text-align: left;\"><strong>Contenu:<\/strong><\/p>\n<ul>\n<li style=\"text-align: left;\">1 x Casque de carbone Caberg<\/li>\n<li style=\"text-align: left;\">1 x Lentille Pinlock<\/li>\n<\/ul>","protected":false},"featured_media":10896,"template":"","meta":{"om_disable_all_campaigns":false,"_surecart_dashboard_logo_width":"180px","_surecart_dashboard_show_logo":true,"_surecart_dashboard_navigation_orders":true,"_surecart_dashboard_navigation_invoices":true,"_surecart_dashboard_navigation_subscriptions":true,"_surecart_dashboard_navigation_downloads":true,"_surecart_dashboard_navigation_billing":true,"_surecart_dashboard_navigation_account":true,"_monsterinsights_skip_tracking":false,"_monsterinsights_sitenote_active":false,"_monsterinsights_sitenote_note":"","_monsterinsights_sitenote_category":0,"site-sidebar-layout":"default","site-content-layout":"","ast-site-content-layout":"default","site-content-style":"default","site-sidebar-style":"default","ast-global-header-display":"","ast-banner-title-visibility":"","ast-main-header-display":"","ast-hfb-above-header-display":"","ast-hfb-below-header-display":"","ast-hfb-mobile-header-display":"","site-post-title":"","ast-breadcrumbs-content":"","ast-featured-img":"","footer-sml-layout":"","ast-disable-related-posts":"","theme-transparent-header-meta":"default","adv-header-id-meta":"","stick-header-meta":"","header-above-stick-meta":"","header-main-stick-meta":"","header-below-stick-meta":"","astra-migrate-meta-layouts":"set","ast-page-background-enabled":"default","ast-page-background-meta":{"desktop":{"background-color":"","background-image":"","background-repeat":"repeat","background-position":"center center","background-size":"auto","background-attachment":"scroll","background-type":"","background-media":"","overlay-type":"","overlay-color":"","overlay-opacity":"","overlay-gradient":""},"tablet":{"background-color":"","background-image":"","background-repeat":"repeat","background-position":"center center","background-size":"auto","background-attachment":"scroll","background-type":"","background-media":"","overlay-type":"","overlay-color":"","overlay-opacity":"","overlay-gradient":""},"mobile":{"background-color":"","background-image":"","background-repeat":"repeat","background-position":"center center","background-size":"auto","background-attachment":"scroll","background-type":"","background-media":"","overlay-type":"","overlay-color":"","overlay-opacity":"","overlay-gradient":""}},"ast-content-background-meta":{"desktop":{"background-color":"var(--ast-global-color-5)","background-image":"","background-repeat":"repeat","background-position":"center center","background-size":"auto","background-attachment":"scroll","background-type":"","background-media":"","overlay-type":"","overlay-color":"","overlay-opacity":"","overlay-gradient":""},"tablet":{"background-color":"var(--ast-global-color-5)","background-image":"","background-repeat":"repeat","background-position":"center center","background-size":"auto","background-attachment":"scroll","background-type":"","background-media":"","overlay-type":"","overlay-color":"","overlay-opacity":"","overlay-gradient":""},"mobile":{"background-color":"var(--ast-global-color-5)","background-image":"","background-repeat":"repeat","background-position":"center center","background-size":"auto","background-attachment":"scroll","background-type":"","background-media":"","overlay-type":"","overlay-color":"","overlay-opacity":"","overlay-gradient":""}}},"product_brand":[240],"product_cat":[64,96],"product_tag":[],"class_list":{"0":"post-11363","1":"product","2":"type-product","3":"status-publish","4":"has-post-thumbnail","6":"product_brand-caberg","7":"product_cat-casque","8":"product_cat-integrale","9":"desktop-align-center","10":"tablet-align-center","11":"mobile-align-center","13":"first","14":"instock","15":"shipping-taxable","16":"purchasable","17":"product-type-variable"},"aioseo_notices":[],"jetpack_sharing_enabled":true,"_links":{"self":[{"href":"https:\/\/x-revup.com\/fr\/wp-json\/wp\/v2\/product\/11363","targetHints":{"allow":["GET"]}}],"collection":[{"href":"https:\/\/x-revup.com\/fr\/wp-json\/wp\/v2\/product"}],"about":[{"href":"https:\/\/x-revup.com\/fr\/wp-json\/wp\/v2\/types\/product"}],"wp:featuredmedia":[{"embeddable":true,"href":"https:\/\/x-revup.com\/fr\/wp-json\/wp\/v2\/media\/10896"}],"wp:attachment":[{"href":"https:\/\/x-revup.com\/fr\/wp-json\/wp\/v2\/media?parent=11363"}],"wp:term":[{"taxonomy":"product_brand","embeddable":true,"href":"https:\/\/x-revup.com\/fr\/wp-json\/wp\/v2\/product_brand?post=11363"},{"taxonomy":"product_cat","embeddable":true,"href":"https:\/\/x-revup.com\/fr\/wp-json\/wp\/v2\/product_cat?post=11363"},{"taxonomy":"product_tag","embeddable":true,"href":"https:\/\/x-revup.com\/fr\/wp-json\/wp\/v2\/product_tag?post=11363"}],"curies":[{"name":"wp","href":"https:\/\/api.w.org\/{rel}","templated":true}]}}