{"id":11314,"date":"2026-04-08T14:55:08","date_gmt":"2026-04-08T14:55:08","guid":{"rendered":"https:\/\/x-revup.com\/?post_type=product&#038;p=11314"},"modified":"2026-04-08T15:03:39","modified_gmt":"2026-04-08T15:03:39","slug":"casque-cabergtourmax-x","status":"publish","type":"product","link":"https:\/\/x-revup.com\/fr\/produit\/casque-cabergtourmax-x\/","title":{"rendered":"Casque cabergTourmax X"},"content":{"rendered":"","protected":false},"excerpt":{"rendered":"<p style=\"text-align: left;\">Le TOURMAX X est le premier casque modulable Adventure du march\u00e9 con\u00e7u pour tous les propri\u00e9taires de motos Enduro et Maxi Enduro.<\/p>\n<p style=\"text-align: left;\">Le TOURMAX X est la version revisit\u00e9e du populaire TOURMAX, dot\u00e9e d&#8217;un syst\u00e8me d&#8217;ouverture de la mentonni\u00e8re am\u00e9lior\u00e9 et conforme \u00e0 la norme ECE 22.06 P\/J. Fruit de la longue exp\u00e9rience de Caberg, premi\u00e8re entreprise italienne \u00e0 produire des casques modulables, le TOURMAX X, 100 % Made in Italy, est \u00e9quip\u00e9 d&#8217;une visi\u00e8re qui se rapproche automatiquement de la visi\u00e8re lors de l&#8217;ouverture de la mentonni\u00e8re afin de minimiser la r\u00e9sistance \u00e0 l&#8217;air.<\/p>\n<p style=\"text-align: left;\">Le TOURMAX X b\u00e9n\u00e9ficie de la double homologation P\/J, permettant de rouler avec la mentonni\u00e8re ouverte en toute s\u00e9curit\u00e9 gr\u00e2ce au levier P\/J situ\u00e9 sur le c\u00f4t\u00e9 gauche du casque. En position \u00ab J \u00bb, ce levier bloque la mentonni\u00e8re en position ouverte, \u00e9vitant ainsi toute fermeture accidentelle. Les vis permettant de retirer la visi\u00e8re et de transformer le TOURMAX X en un casque modulable classique sont fournies. Le TOURMAX X est \u00e9quip\u00e9 du syst\u00e8me exclusif Double Visor Tech qui, gr\u00e2ce \u00e0 son \u00e9cran solaire interne facile \u00e0 utiliser, vous permet de rouler toujours avec une visibilit\u00e9 optimale et en toute s\u00e9curit\u00e9. L&#8217;\u00e9cran solaire interne b\u00e9n\u00e9ficie d&#8217;un traitement anti-rayures, tandis que l&#8217;\u00e9cran transparent externe est non seulement anti-rayures, mais \u00e9galement antibu\u00e9e gr\u00e2ce \u00e0 la lentille Pinlock. La ventilation est assur\u00e9e par deux larges a\u00e9rations plac\u00e9es sur la mentonni\u00e8re et la calotte, faciles \u00e0 manipuler m\u00eame avec des gants. L&#8217;air est canalis\u00e9 par les rainures de la doublure int\u00e9rieure, garantissant une ventilation parfaite du casque. La doublure est enti\u00e8rement amovible et lavable, fabriqu\u00e9e dans un tissu respirant et hypoallerg\u00e9nique pour une fra\u00eecheur maximale, et comporte des inserts r\u00e9fl\u00e9chissants \u00e0 l&#8217;arri\u00e8re du cou.<\/p>\n<p style=\"text-align: left;\">Le TOURMAX X est fabriqu\u00e9 en Italie.<\/p>","protected":false},"featured_media":10927,"template":"","meta":{"om_disable_all_campaigns":false,"_surecart_dashboard_logo_width":"180px","_surecart_dashboard_show_logo":true,"_surecart_dashboard_navigation_orders":true,"_surecart_dashboard_navigation_invoices":true,"_surecart_dashboard_navigation_subscriptions":true,"_surecart_dashboard_navigation_downloads":true,"_surecart_dashboard_navigation_billing":true,"_surecart_dashboard_navigation_account":true,"_monsterinsights_skip_tracking":false,"_monsterinsights_sitenote_active":false,"_monsterinsights_sitenote_note":"","_monsterinsights_sitenote_category":0,"site-sidebar-layout":"default","site-content-layout":"","ast-site-content-layout":"default","site-content-style":"default","site-sidebar-style":"default","ast-global-header-display":"","ast-banner-title-visibility":"","ast-main-header-display":"","ast-hfb-above-header-display":"","ast-hfb-below-header-display":"","ast-hfb-mobile-header-display":"","site-post-title":"","ast-breadcrumbs-content":"","ast-featured-img":"","footer-sml-layout":"","ast-disable-related-posts":"","theme-transparent-header-meta":"default","adv-header-id-meta":"","stick-header-meta":"","header-above-stick-meta":"","header-main-stick-meta":"","header-below-stick-meta":"","astra-migrate-meta-layouts":"set","ast-page-background-enabled":"default","ast-page-background-meta":{"desktop":{"background-color":"","background-image":"","background-repeat":"repeat","background-position":"center center","background-size":"auto","background-attachment":"scroll","background-type":"","background-media":"","overlay-type":"","overlay-color":"","overlay-opacity":"","overlay-gradient":""},"tablet":{"background-color":"","background-image":"","background-repeat":"repeat","background-position":"center center","background-size":"auto","background-attachment":"scroll","background-type":"","background-media":"","overlay-type":"","overlay-color":"","overlay-opacity":"","overlay-gradient":""},"mobile":{"background-color":"","background-image":"","background-repeat":"repeat","background-position":"center center","background-size":"auto","background-attachment":"scroll","background-type":"","background-media":"","overlay-type":"","overlay-color":"","overlay-opacity":"","overlay-gradient":""}},"ast-content-background-meta":{"desktop":{"background-color":"var(--ast-global-color-5)","background-image":"","background-repeat":"repeat","background-position":"center center","background-size":"auto","background-attachment":"scroll","background-type":"","background-media":"","overlay-type":"","overlay-color":"","overlay-opacity":"","overlay-gradient":""},"tablet":{"background-color":"var(--ast-global-color-5)","background-image":"","background-repeat":"repeat","background-position":"center center","background-size":"auto","background-attachment":"scroll","background-type":"","background-media":"","overlay-type":"","overlay-color":"","overlay-opacity":"","overlay-gradient":""},"mobile":{"background-color":"var(--ast-global-color-5)","background-image":"","background-repeat":"repeat","background-position":"center center","background-size":"auto","background-attachment":"scroll","background-type":"","background-media":"","overlay-type":"","overlay-color":"","overlay-opacity":"","overlay-gradient":""}}},"product_brand":[240],"product_cat":[64,95,97],"product_tag":[],"class_list":{"0":"post-11314","1":"product","2":"type-product","3":"status-publish","4":"has-post-thumbnail","6":"product_brand-caberg","7":"product_cat-casque","8":"product_cat-modular","9":"product_cat-off-road","10":"desktop-align-center","11":"tablet-align-center","12":"mobile-align-center","14":"first","15":"instock","16":"shipping-taxable","17":"purchasable","18":"product-type-variable"},"aioseo_notices":[],"jetpack_sharing_enabled":true,"_links":{"self":[{"href":"https:\/\/x-revup.com\/fr\/wp-json\/wp\/v2\/product\/11314","targetHints":{"allow":["GET"]}}],"collection":[{"href":"https:\/\/x-revup.com\/fr\/wp-json\/wp\/v2\/product"}],"about":[{"href":"https:\/\/x-revup.com\/fr\/wp-json\/wp\/v2\/types\/product"}],"wp:featuredmedia":[{"embeddable":true,"href":"https:\/\/x-revup.com\/fr\/wp-json\/wp\/v2\/media\/10927"}],"wp:attachment":[{"href":"https:\/\/x-revup.com\/fr\/wp-json\/wp\/v2\/media?parent=11314"}],"wp:term":[{"taxonomy":"product_brand","embeddable":true,"href":"https:\/\/x-revup.com\/fr\/wp-json\/wp\/v2\/product_brand?post=11314"},{"taxonomy":"product_cat","embeddable":true,"href":"https:\/\/x-revup.com\/fr\/wp-json\/wp\/v2\/product_cat?post=11314"},{"taxonomy":"product_tag","embeddable":true,"href":"https:\/\/x-revup.com\/fr\/wp-json\/wp\/v2\/product_tag?post=11314"}],"curies":[{"name":"wp","href":"https:\/\/api.w.org\/{rel}","templated":true}]}}