{"id":11296,"date":"2026-04-08T13:37:13","date_gmt":"2026-04-08T13:37:13","guid":{"rendered":"https:\/\/x-revup.com\/?post_type=product&#038;p=11296"},"modified":"2026-04-08T13:49:46","modified_gmt":"2026-04-08T13:49:46","slug":"les-gants-baysone-hyker-noir-gris","status":"publish","type":"product","link":"https:\/\/x-revup.com\/fr\/produit\/les-gants-baysone-hyker-noir-gris\/","title":{"rendered":"LES GANTS BAYSONE HYKER NOIR\/GRIS"},"content":{"rendered":"","protected":false},"excerpt":{"rendered":"<p style=\"text-align: left;\" data-start=\"449\" data-end=\"490\"><strong data-start=\"454\" data-end=\"488\">Caract\u00e9ristiques principales :<\/strong><\/p>\n<p style=\"text-align: left;\" data-start=\"491\" data-end=\"901\">\u00a0<strong data-start=\"493\" data-end=\"521\">Tissu l\u00e9ger et respirant<\/strong>, parfait pour les saisons douces<br data-start=\"554\" data-end=\"557\" \/>\u00a0<strong data-start=\"559\" data-end=\"584\">Renforts strat\u00e9giques<\/strong>\u00a0pour une meilleure r\u00e9sistance \u00e0 l\u2019usure<br data-start=\"624\" data-end=\"627\" \/>\u00a0<strong data-start=\"629\" data-end=\"661\">Poignet ajustable par velcro<\/strong>\u00a0pour un maintien optimal<br data-start=\"686\" data-end=\"689\" \/>\u00a0<strong data-start=\"691\" data-end=\"710\">Bonne adh\u00e9rence<\/strong>\u00a0sur les commandes gr\u00e2ce \u00e0 la paume antid\u00e9rapante<br data-start=\"759\" data-end=\"762\" \/>\u00a0<strong data-start=\"764\" data-end=\"802\">Design moderne avec finitions NOIR\/ROUGE\/BLEU<\/strong>, pour plus de style et de s\u00e9curit\u00e9<br data-start=\"837\" data-end=\"840\" \/>\u00a0<strong data-start=\"842\" data-end=\"868\">Logo BAYSONE en relief<\/strong>, gage de qualit\u00e9 et de fiabilit\u00e9 Les\u00a0<strong data-start=\"907\" data-end=\"916\">HYKER<\/strong>\u00a0allient\u00a0<strong data-start=\"925\" data-end=\"963\">souplesse, style et fonctionnalit\u00e9<\/strong>, et s\u2019adressent aux motards qui veulent garder le contr\u00f4le avec \u00e9l\u00e9gance.<\/p>","protected":false},"featured_media":11072,"template":"","meta":{"om_disable_all_campaigns":false,"_surecart_dashboard_logo_width":"180px","_surecart_dashboard_show_logo":true,"_surecart_dashboard_navigation_orders":true,"_surecart_dashboard_navigation_invoices":true,"_surecart_dashboard_navigation_subscriptions":true,"_surecart_dashboard_navigation_downloads":true,"_surecart_dashboard_navigation_billing":true,"_surecart_dashboard_navigation_account":true,"_monsterinsights_skip_tracking":false,"_monsterinsights_sitenote_active":false,"_monsterinsights_sitenote_note":"","_monsterinsights_sitenote_category":0,"site-sidebar-layout":"default","site-content-layout":"","ast-site-content-layout":"default","site-content-style":"default","site-sidebar-style":"default","ast-global-header-display":"","ast-banner-title-visibility":"","ast-main-header-display":"","ast-hfb-above-header-display":"","ast-hfb-below-header-display":"","ast-hfb-mobile-header-display":"","site-post-title":"","ast-breadcrumbs-content":"","ast-featured-img":"","footer-sml-layout":"","ast-disable-related-posts":"","theme-transparent-header-meta":"default","adv-header-id-meta":"","stick-header-meta":"","header-above-stick-meta":"","header-main-stick-meta":"","header-below-stick-meta":"","astra-migrate-meta-layouts":"set","ast-page-background-enabled":"default","ast-page-background-meta":{"desktop":{"background-color":"","background-image":"","background-repeat":"repeat","background-position":"center center","background-size":"auto","background-attachment":"scroll","background-type":"","background-media":"","overlay-type":"","overlay-color":"","overlay-opacity":"","overlay-gradient":""},"tablet":{"background-color":"","background-image":"","background-repeat":"repeat","background-position":"center center","background-size":"auto","background-attachment":"scroll","background-type":"","background-media":"","overlay-type":"","overlay-color":"","overlay-opacity":"","overlay-gradient":""},"mobile":{"background-color":"","background-image":"","background-repeat":"repeat","background-position":"center center","background-size":"auto","background-attachment":"scroll","background-type":"","background-media":"","overlay-type":"","overlay-color":"","overlay-opacity":"","overlay-gradient":""}},"ast-content-background-meta":{"desktop":{"background-color":"var(--ast-global-color-5)","background-image":"","background-repeat":"repeat","background-position":"center center","background-size":"auto","background-attachment":"scroll","background-type":"","background-media":"","overlay-type":"","overlay-color":"","overlay-opacity":"","overlay-gradient":""},"tablet":{"background-color":"var(--ast-global-color-5)","background-image":"","background-repeat":"repeat","background-position":"center center","background-size":"auto","background-attachment":"scroll","background-type":"","background-media":"","overlay-type":"","overlay-color":"","overlay-opacity":"","overlay-gradient":""},"mobile":{"background-color":"var(--ast-global-color-5)","background-image":"","background-repeat":"repeat","background-position":"center center","background-size":"auto","background-attachment":"scroll","background-type":"","background-media":"","overlay-type":"","overlay-color":"","overlay-opacity":"","overlay-gradient":""}}},"product_brand":[153],"product_cat":[65],"product_tag":[],"class_list":{"0":"post-11296","1":"product","2":"type-product","3":"status-publish","4":"has-post-thumbnail","6":"product_brand-baysone","7":"product_cat-gants","8":"desktop-align-center","9":"tablet-align-center","10":"mobile-align-center","12":"first","13":"instock","14":"shipping-taxable","15":"purchasable","16":"product-type-variable","17":"has-default-attributes"},"aioseo_notices":[],"jetpack_sharing_enabled":true,"_links":{"self":[{"href":"https:\/\/x-revup.com\/fr\/wp-json\/wp\/v2\/product\/11296","targetHints":{"allow":["GET"]}}],"collection":[{"href":"https:\/\/x-revup.com\/fr\/wp-json\/wp\/v2\/product"}],"about":[{"href":"https:\/\/x-revup.com\/fr\/wp-json\/wp\/v2\/types\/product"}],"wp:featuredmedia":[{"embeddable":true,"href":"https:\/\/x-revup.com\/fr\/wp-json\/wp\/v2\/media\/11072"}],"wp:attachment":[{"href":"https:\/\/x-revup.com\/fr\/wp-json\/wp\/v2\/media?parent=11296"}],"wp:term":[{"taxonomy":"product_brand","embeddable":true,"href":"https:\/\/x-revup.com\/fr\/wp-json\/wp\/v2\/product_brand?post=11296"},{"taxonomy":"product_cat","embeddable":true,"href":"https:\/\/x-revup.com\/fr\/wp-json\/wp\/v2\/product_cat?post=11296"},{"taxonomy":"product_tag","embeddable":true,"href":"https:\/\/x-revup.com\/fr\/wp-json\/wp\/v2\/product_tag?post=11296"}],"curies":[{"name":"wp","href":"https:\/\/api.w.org\/{rel}","templated":true}]}}