{"id":10834,"date":"2025-12-03T09:27:46","date_gmt":"2025-12-03T09:27:46","guid":{"rendered":"https:\/\/x-revup.com\/?post_type=product&#038;p=10834"},"modified":"2025-12-03T09:27:46","modified_gmt":"2025-12-03T09:27:46","slug":"intercom-midland-btr1","status":"publish","type":"product","link":"https:\/\/x-revup.com\/fr\/produit\/intercom-midland-btr1\/","title":{"rendered":"INTERCOM MIDLAND BTR1"},"content":{"rendered":"","protected":false},"excerpt":{"rendered":"<div class=\"elementor-element elementor-element-8edbe86 wd-single-title text-left elementor-widget elementor-widget-wd_single_product_title\" data-id=\"8edbe86\" data-element_type=\"widget\" data-widget_type=\"wd_single_product_title.default\">\n<div class=\"elementor-widget-container\">\n<h6 data-start=\"123\" data-end=\"155\"><strong>Intercom Midland BTR1<\/strong><\/h6>\n<p data-start=\"156\" data-end=\"433\">Le\u00a0<strong data-start=\"159\" data-end=\"175\"><a href=\"https:\/\/fr.midlandeurope.com\/fr_FR\/produits\/btr1-intercom?variantCode=C1536&amp;_gl=1*153if3*_up*MQ..*_ga*MzU4NTQzMzA0LjE3NTY0NjM2Nzc.*_ga_JDLCTJPQHP*czE3NTY0NjM2NzYkbzEkZzAkdDE3NTY0NjM2NzYkajYwJGwwJGgxNDUwODQwMjc1#C1536\">Midland<\/a>\u00a0BTR1<\/strong>\u00a0red\u00e9finit la communication entre motards gr\u00e2ce \u00e0 son interface intuitive et performante. intercom moto MidlandCon\u00e7u pour les\u00a0<strong data-start=\"280\" data-end=\"311\">trajets conducteur-passager<\/strong>\u00a0comme pour les balades en groupe, il permet un\u00a0<strong data-start=\"359\" data-end=\"398\">mode conf\u00e9rence jusqu\u2019\u00e0 4 personnes<\/strong>\u00a0dans un rayon de\u00a0<strong data-start=\"416\" data-end=\"430\">800 m\u00e8tres<\/strong><a href=\"https:\/\/evobike.ma\/\">.<\/a><\/p>\n<ul>\n<li><strong data-start=\"437\" data-end=\"466\">Compatibilit\u00e9 universelle<\/strong>\u00a0: connectez les intercoms de toutes les marques et int\u00e9grez-les dans le mode conf\u00e9rence \u2013 une exclusivit\u00e9 dans cette cat\u00e9gorie.<\/li>\n<li><strong data-start=\"599\" data-end=\"624\">Qualit\u00e9 audio premium<\/strong>\u00a0: haut-parleurs\u00a0<strong data-start=\"641\" data-end=\"648\">RCF<\/strong>\u00a0et technologie\u00a0<strong data-start=\"664\" data-end=\"682\">Parallel Audio<\/strong>\u00a0pour un son clair et immersif, m\u00eame \u00e0 haute vitesse.<\/li>\n<li><strong data-start=\"740\" data-end=\"759\">Pratique et s\u00fbr<\/strong>\u00a0: r\u00e9ception d\u2019appels m\u00eame en conf\u00e9rence, fixation rapide, design italien sans antenne et certification\u00a0<strong data-start=\"863\" data-end=\"876\">ECE 22.06<\/strong>.<\/li>\n<\/ul>\n<p data-start=\"881\" data-end=\"1114\">intercom moto Id\u00e9al pour les couples et groupes d\u2019amis en voyage, le BTR1 est le premier de sa gamme \u00e0 proposer des fonctionnalit\u00e9s aussi avanc\u00e9es. Un compagnon indispensable pour rester connect\u00e9, profiter de la route et partager chaque instant<\/p>\n<\/div>\n<\/div>","protected":false},"featured_media":10833,"template":"","meta":{"om_disable_all_campaigns":false,"_surecart_dashboard_logo_width":"180px","_surecart_dashboard_show_logo":true,"_surecart_dashboard_navigation_orders":true,"_surecart_dashboard_navigation_invoices":true,"_surecart_dashboard_navigation_subscriptions":true,"_surecart_dashboard_navigation_downloads":true,"_surecart_dashboard_navigation_billing":true,"_surecart_dashboard_navigation_account":true,"_monsterinsights_skip_tracking":false,"_monsterinsights_sitenote_active":false,"_monsterinsights_sitenote_note":"","_monsterinsights_sitenote_category":0,"site-sidebar-layout":"default","site-content-layout":"","ast-site-content-layout":"default","site-content-style":"default","site-sidebar-style":"default","ast-global-header-display":"","ast-banner-title-visibility":"","ast-main-header-display":"","ast-hfb-above-header-display":"","ast-hfb-below-header-display":"","ast-hfb-mobile-header-display":"","site-post-title":"","ast-breadcrumbs-content":"","ast-featured-img":"","footer-sml-layout":"","ast-disable-related-posts":"","theme-transparent-header-meta":"default","adv-header-id-meta":"","stick-header-meta":"","header-above-stick-meta":"","header-main-stick-meta":"","header-below-stick-meta":"","astra-migrate-meta-layouts":"set","ast-page-background-enabled":"default","ast-page-background-meta":{"desktop":{"background-color":"","background-image":"","background-repeat":"repeat","background-position":"center center","background-size":"auto","background-attachment":"scroll","background-type":"","background-media":"","overlay-type":"","overlay-color":"","overlay-opacity":"","overlay-gradient":""},"tablet":{"background-color":"","background-image":"","background-repeat":"repeat","background-position":"center center","background-size":"auto","background-attachment":"scroll","background-type":"","background-media":"","overlay-type":"","overlay-color":"","overlay-opacity":"","overlay-gradient":""},"mobile":{"background-color":"","background-image":"","background-repeat":"repeat","background-position":"center center","background-size":"auto","background-attachment":"scroll","background-type":"","background-media":"","overlay-type":"","overlay-color":"","overlay-opacity":"","overlay-gradient":""}},"ast-content-background-meta":{"desktop":{"background-color":"var(--ast-global-color-5)","background-image":"","background-repeat":"repeat","background-position":"center center","background-size":"auto","background-attachment":"scroll","background-type":"","background-media":"","overlay-type":"","overlay-color":"","overlay-opacity":"","overlay-gradient":""},"tablet":{"background-color":"var(--ast-global-color-5)","background-image":"","background-repeat":"repeat","background-position":"center center","background-size":"auto","background-attachment":"scroll","background-type":"","background-media":"","overlay-type":"","overlay-color":"","overlay-opacity":"","overlay-gradient":""},"mobile":{"background-color":"var(--ast-global-color-5)","background-image":"","background-repeat":"repeat","background-position":"center center","background-size":"auto","background-attachment":"scroll","background-type":"","background-media":"","overlay-type":"","overlay-color":"","overlay-opacity":"","overlay-gradient":""}}},"product_brand":[213],"product_cat":[189],"product_tag":[],"class_list":{"0":"post-10834","1":"product","2":"type-product","3":"status-publish","4":"has-post-thumbnail","6":"product_brand-midlan","7":"product_cat-intercoms","8":"desktop-align-center","9":"tablet-align-center","10":"mobile-align-center","12":"first","13":"instock","14":"sale","15":"shipping-taxable","16":"purchasable","17":"product-type-simple"},"aioseo_notices":[],"jetpack_sharing_enabled":true,"_links":{"self":[{"href":"https:\/\/x-revup.com\/fr\/wp-json\/wp\/v2\/product\/10834","targetHints":{"allow":["GET"]}}],"collection":[{"href":"https:\/\/x-revup.com\/fr\/wp-json\/wp\/v2\/product"}],"about":[{"href":"https:\/\/x-revup.com\/fr\/wp-json\/wp\/v2\/types\/product"}],"wp:featuredmedia":[{"embeddable":true,"href":"https:\/\/x-revup.com\/fr\/wp-json\/wp\/v2\/media\/10833"}],"wp:attachment":[{"href":"https:\/\/x-revup.com\/fr\/wp-json\/wp\/v2\/media?parent=10834"}],"wp:term":[{"taxonomy":"product_brand","embeddable":true,"href":"https:\/\/x-revup.com\/fr\/wp-json\/wp\/v2\/product_brand?post=10834"},{"taxonomy":"product_cat","embeddable":true,"href":"https:\/\/x-revup.com\/fr\/wp-json\/wp\/v2\/product_cat?post=10834"},{"taxonomy":"product_tag","embeddable":true,"href":"https:\/\/x-revup.com\/fr\/wp-json\/wp\/v2\/product_tag?post=10834"}],"curies":[{"name":"wp","href":"https:\/\/api.w.org\/{rel}","templated":true}]}}