{"id":10826,"date":"2025-12-03T09:20:27","date_gmt":"2025-12-03T09:20:27","guid":{"rendered":"https:\/\/x-revup.com\/?post_type=product&#038;p=10826"},"modified":"2025-12-03T09:22:54","modified_gmt":"2025-12-03T09:22:54","slug":"bikeplay-guardian-ecran-tft-avec-dashcam","status":"publish","type":"product","link":"https:\/\/x-revup.com\/fr\/produit\/bikeplay-guardian-ecran-tft-avec-dashcam\/","title":{"rendered":"BIKEPLAY GUARDIAN \u2013 \u00c9cran TFT avec Dashcam"},"content":{"rendered":"","protected":false},"excerpt":{"rendered":"<h6 data-start=\"108\" data-end=\"169\">BikePlay Guardian \u2013 \u00c9cran TFT 5\u2019\u2019 avec Dashcam int\u00e9gr\u00e9e<\/h6>\n<p data-start=\"171\" data-end=\"523\">Le\u00a0<strong data-start=\"174\" data-end=\"195\">BikePlay Guardian<\/strong>\u00a0est bien plus qu\u2019un simple \u00e9cran pour moto : c\u2019est un v\u00e9ritable compagnon de route connect\u00e9 et s\u00e9curis\u00e9.<br data-start=\"300\" data-end=\"303\" \/>Dot\u00e9 d\u2019un\u00a0<strong data-start=\"313\" data-end=\"343\">\u00e9cran tactile TFT 5 pouces<\/strong>,\u00a0<strong data-start=\"345\" data-end=\"356\">\u00e9tanche<\/strong>\u00a0et\u00a0<strong data-start=\"360\" data-end=\"373\">capacitif<\/strong>\u00a0(utilisable m\u00eame avec des gants), il vous permet de rester concentr\u00e9 sur la route tout en profitant des fonctions essentielles de votre smartphone.<\/p>\n<ul>\n<li><strong data-start=\"527\" data-end=\"549\">Fonction mirroring<\/strong>\u00a0: duplique l\u2019\u00e9cran de votre smartphone (iOS &amp; Android) pour acc\u00e9der facilement \u00e0 vos applications de navigation et multim\u00e9dia, sans distraction.<\/li>\n<li><strong data-start=\"699\" data-end=\"720\">Commandes vocales<\/strong>\u00a0: compatibilit\u00e9 avec l\u2019<strong data-start=\"744\" data-end=\"765\">Assistance Google<\/strong>\u00a0pour g\u00e9rer appels, musique et itin\u00e9raires sans quitter la route des yeux<a href=\"http:\/\/lpr-motors.fr\/\">.<\/a><\/li>\n<li><strong data-start=\"844\" data-end=\"864\">Dashcam int\u00e9gr\u00e9e<\/strong>\u00a0: double cam\u00e9ra\u00a0<strong data-start=\"881\" data-end=\"906\">avant et arri\u00e8re QFHD<\/strong>, garantissant une surveillance continue de votre environnement, m\u00eame en conditions de faible visibilit\u00e9.<\/li>\n<li><strong data-start=\"1016\" data-end=\"1041\">S\u00e9curit\u00e9 et praticit\u00e9<\/strong>\u00a0: un design pens\u00e9 pour les motards, combinant technologie et robustesse.<\/li>\n<\/ul>\n<p data-start=\"1118\" data-end=\"1224\">Avec le\u00a0<strong data-start=\"1126\" data-end=\"1147\">BikePlay Guardian<\/strong>, profitez d\u2019un pilotage plus s\u00fbr, plus connect\u00e9 et toujours sous contr\u00f4le<a href=\"https:\/\/evobike.ma\/produit\/intercom-btr1\">.<\/a><\/p>","protected":false},"featured_media":10827,"template":"","meta":{"om_disable_all_campaigns":false,"_surecart_dashboard_logo_width":"180px","_surecart_dashboard_show_logo":true,"_surecart_dashboard_navigation_orders":true,"_surecart_dashboard_navigation_invoices":true,"_surecart_dashboard_navigation_subscriptions":true,"_surecart_dashboard_navigation_downloads":true,"_surecart_dashboard_navigation_billing":true,"_surecart_dashboard_navigation_account":true,"_monsterinsights_skip_tracking":false,"_monsterinsights_sitenote_active":false,"_monsterinsights_sitenote_note":"","_monsterinsights_sitenote_category":0,"site-sidebar-layout":"default","site-content-layout":"","ast-site-content-layout":"default","site-content-style":"default","site-sidebar-style":"default","ast-global-header-display":"","ast-banner-title-visibility":"","ast-main-header-display":"","ast-hfb-above-header-display":"","ast-hfb-below-header-display":"","ast-hfb-mobile-header-display":"","site-post-title":"","ast-breadcrumbs-content":"","ast-featured-img":"","footer-sml-layout":"","ast-disable-related-posts":"","theme-transparent-header-meta":"default","adv-header-id-meta":"","stick-header-meta":"","header-above-stick-meta":"","header-main-stick-meta":"","header-below-stick-meta":"","astra-migrate-meta-layouts":"set","ast-page-background-enabled":"default","ast-page-background-meta":{"desktop":{"background-color":"","background-image":"","background-repeat":"repeat","background-position":"center center","background-size":"auto","background-attachment":"scroll","background-type":"","background-media":"","overlay-type":"","overlay-color":"","overlay-opacity":"","overlay-gradient":""},"tablet":{"background-color":"","background-image":"","background-repeat":"repeat","background-position":"center center","background-size":"auto","background-attachment":"scroll","background-type":"","background-media":"","overlay-type":"","overlay-color":"","overlay-opacity":"","overlay-gradient":""},"mobile":{"background-color":"","background-image":"","background-repeat":"repeat","background-position":"center center","background-size":"auto","background-attachment":"scroll","background-type":"","background-media":"","overlay-type":"","overlay-color":"","overlay-opacity":"","overlay-gradient":""}},"ast-content-background-meta":{"desktop":{"background-color":"var(--ast-global-color-5)","background-image":"","background-repeat":"repeat","background-position":"center center","background-size":"auto","background-attachment":"scroll","background-type":"","background-media":"","overlay-type":"","overlay-color":"","overlay-opacity":"","overlay-gradient":""},"tablet":{"background-color":"var(--ast-global-color-5)","background-image":"","background-repeat":"repeat","background-position":"center center","background-size":"auto","background-attachment":"scroll","background-type":"","background-media":"","overlay-type":"","overlay-color":"","overlay-opacity":"","overlay-gradient":""},"mobile":{"background-color":"var(--ast-global-color-5)","background-image":"","background-repeat":"repeat","background-position":"center center","background-size":"auto","background-attachment":"scroll","background-type":"","background-media":"","overlay-type":"","overlay-color":"","overlay-opacity":"","overlay-gradient":""}}},"product_brand":[213],"product_cat":[187],"product_tag":[],"class_list":{"0":"post-10826","1":"product","2":"type-product","3":"status-publish","4":"has-post-thumbnail","6":"product_brand-midlan","7":"product_cat-navigation","8":"desktop-align-center","9":"tablet-align-center","10":"mobile-align-center","12":"first","13":"instock","14":"sale","15":"shipping-taxable","16":"purchasable","17":"product-type-simple"},"aioseo_notices":[],"jetpack_sharing_enabled":true,"_links":{"self":[{"href":"https:\/\/x-revup.com\/fr\/wp-json\/wp\/v2\/product\/10826","targetHints":{"allow":["GET"]}}],"collection":[{"href":"https:\/\/x-revup.com\/fr\/wp-json\/wp\/v2\/product"}],"about":[{"href":"https:\/\/x-revup.com\/fr\/wp-json\/wp\/v2\/types\/product"}],"wp:featuredmedia":[{"embeddable":true,"href":"https:\/\/x-revup.com\/fr\/wp-json\/wp\/v2\/media\/10827"}],"wp:attachment":[{"href":"https:\/\/x-revup.com\/fr\/wp-json\/wp\/v2\/media?parent=10826"}],"wp:term":[{"taxonomy":"product_brand","embeddable":true,"href":"https:\/\/x-revup.com\/fr\/wp-json\/wp\/v2\/product_brand?post=10826"},{"taxonomy":"product_cat","embeddable":true,"href":"https:\/\/x-revup.com\/fr\/wp-json\/wp\/v2\/product_cat?post=10826"},{"taxonomy":"product_tag","embeddable":true,"href":"https:\/\/x-revup.com\/fr\/wp-json\/wp\/v2\/product_tag?post=10826"}],"curies":[{"name":"wp","href":"https:\/\/api.w.org\/{rel}","templated":true}]}}