{"id":10724,"date":"2025-09-29T17:06:41","date_gmt":"2025-09-29T17:06:41","guid":{"rendered":"https:\/\/x-revup.com\/?post_type=product&#038;p=10724"},"modified":"2025-09-29T17:10:00","modified_gmt":"2025-09-29T17:10:00","slug":"top-case-aluminium-btech-performance-noir-45l","status":"publish","type":"product","link":"https:\/\/x-revup.com\/fr\/produit\/top-case-aluminium-btech-performance-noir-45l\/","title":{"rendered":"TOP CASE ALUMINIUM BTECH PERFORMANCE NOIR 45L"},"content":{"rendered":"","protected":false},"excerpt":{"rendered":"<ul>\n<li>Protection contre l\u2019oxydation et l\u2019abrasion gr\u00e2ce \u00e0 une finition \u00e9poxy noire<\/li>\n<li>Topcase Premium en aluminium de 1,5 mm d\u2019\u00e9paisseur<\/li>\n<li>Couvercle rabattable avec limiteur d\u2019ouverture, fermeture en acier inoxydable, poign\u00e9e de manipulation robuste et points d\u2019arrimage int\u00e9gr\u00e9s<\/li>\n<li>100 % \u00e9tanche \u00e0 l\u2019eau et aux poussi\u00e8res gr\u00e2ce aux soudures et rivets punch\u00e9s par automate<\/li>\n<li>Protection anti-vol : couvercle de valise et valise verrouillables sur le support<\/li>\n<li>Robustesse \u00e9lev\u00e9e gr\u00e2ce \u00e0 un embossage fonctionnel et esth\u00e9tique<\/li>\n<li>Protection suppl\u00e9mentaire gr\u00e2ce aux coins en polyamide renforc\u00e9 de fibres de verre<\/li>\n<li>Surface facile \u00e0 nettoyer<\/li>\n<li>Jeu de 2 serrures jumelles \u00e9galement disponible en option, inclus dans la livraison du kit top case<\/li>\n<\/ul>","protected":false},"featured_media":10710,"template":"","meta":{"om_disable_all_campaigns":false,"_surecart_dashboard_logo_width":"180px","_surecart_dashboard_show_logo":true,"_surecart_dashboard_navigation_orders":true,"_surecart_dashboard_navigation_invoices":true,"_surecart_dashboard_navigation_subscriptions":true,"_surecart_dashboard_navigation_downloads":true,"_surecart_dashboard_navigation_billing":true,"_surecart_dashboard_navigation_account":true,"_monsterinsights_skip_tracking":false,"_monsterinsights_sitenote_active":false,"_monsterinsights_sitenote_note":"","_monsterinsights_sitenote_category":0,"site-sidebar-layout":"default","site-content-layout":"","ast-site-content-layout":"default","site-content-style":"default","site-sidebar-style":"default","ast-global-header-display":"","ast-banner-title-visibility":"","ast-main-header-display":"","ast-hfb-above-header-display":"","ast-hfb-below-header-display":"","ast-hfb-mobile-header-display":"","site-post-title":"","ast-breadcrumbs-content":"","ast-featured-img":"","footer-sml-layout":"","ast-disable-related-posts":"","theme-transparent-header-meta":"default","adv-header-id-meta":"","stick-header-meta":"","header-above-stick-meta":"","header-main-stick-meta":"","header-below-stick-meta":"","astra-migrate-meta-layouts":"set","ast-page-background-enabled":"default","ast-page-background-meta":{"desktop":{"background-color":"","background-image":"","background-repeat":"repeat","background-position":"center center","background-size":"auto","background-attachment":"scroll","background-type":"","background-media":"","overlay-type":"","overlay-color":"","overlay-opacity":"","overlay-gradient":""},"tablet":{"background-color":"","background-image":"","background-repeat":"repeat","background-position":"center center","background-size":"auto","background-attachment":"scroll","background-type":"","background-media":"","overlay-type":"","overlay-color":"","overlay-opacity":"","overlay-gradient":""},"mobile":{"background-color":"","background-image":"","background-repeat":"repeat","background-position":"center center","background-size":"auto","background-attachment":"scroll","background-type":"","background-media":"","overlay-type":"","overlay-color":"","overlay-opacity":"","overlay-gradient":""}},"ast-content-background-meta":{"desktop":{"background-color":"var(--ast-global-color-5)","background-image":"","background-repeat":"repeat","background-position":"center center","background-size":"auto","background-attachment":"scroll","background-type":"","background-media":"","overlay-type":"","overlay-color":"","overlay-opacity":"","overlay-gradient":""},"tablet":{"background-color":"var(--ast-global-color-5)","background-image":"","background-repeat":"repeat","background-position":"center center","background-size":"auto","background-attachment":"scroll","background-type":"","background-media":"","overlay-type":"","overlay-color":"","overlay-opacity":"","overlay-gradient":""},"mobile":{"background-color":"var(--ast-global-color-5)","background-image":"","background-repeat":"repeat","background-position":"center center","background-size":"auto","background-attachment":"scroll","background-type":"","background-media":"","overlay-type":"","overlay-color":"","overlay-opacity":"","overlay-gradient":""}}},"product_brand":[211],"product_cat":[182],"product_tag":[],"class_list":{"0":"post-10724","1":"product","2":"type-product","3":"status-publish","4":"has-post-thumbnail","6":"product_brand-btech","7":"product_cat-top-case-et-valise","8":"desktop-align-center","9":"tablet-align-center","10":"mobile-align-center","12":"first","13":"instock","14":"sale","15":"shipping-taxable","16":"purchasable","17":"product-type-simple"},"aioseo_notices":[],"jetpack_sharing_enabled":true,"_links":{"self":[{"href":"https:\/\/x-revup.com\/fr\/wp-json\/wp\/v2\/product\/10724","targetHints":{"allow":["GET"]}}],"collection":[{"href":"https:\/\/x-revup.com\/fr\/wp-json\/wp\/v2\/product"}],"about":[{"href":"https:\/\/x-revup.com\/fr\/wp-json\/wp\/v2\/types\/product"}],"wp:featuredmedia":[{"embeddable":true,"href":"https:\/\/x-revup.com\/fr\/wp-json\/wp\/v2\/media\/10710"}],"wp:attachment":[{"href":"https:\/\/x-revup.com\/fr\/wp-json\/wp\/v2\/media?parent=10724"}],"wp:term":[{"taxonomy":"product_brand","embeddable":true,"href":"https:\/\/x-revup.com\/fr\/wp-json\/wp\/v2\/product_brand?post=10724"},{"taxonomy":"product_cat","embeddable":true,"href":"https:\/\/x-revup.com\/fr\/wp-json\/wp\/v2\/product_cat?post=10724"},{"taxonomy":"product_tag","embeddable":true,"href":"https:\/\/x-revup.com\/fr\/wp-json\/wp\/v2\/product_tag?post=10724"}],"curies":[{"name":"wp","href":"https:\/\/api.w.org\/{rel}","templated":true}]}}