{"id":10714,"date":"2025-09-29T14:51:19","date_gmt":"2025-09-29T14:51:19","guid":{"rendered":"https:\/\/x-revup.com\/?post_type=product&#038;p=10714"},"modified":"2025-09-29T14:51:19","modified_gmt":"2025-09-29T14:51:19","slug":"phare-secours-avec-support-type-origine-bmw-avec-grille","status":"publish","type":"product","link":"https:\/\/x-revup.com\/fr\/produit\/phare-secours-avec-support-type-origine-bmw-avec-grille\/","title":{"rendered":"PHARE SECOURS AVEC SUPPORT TYPE ORIGINE BMW AVEC GRILLE"},"content":{"rendered":"","protected":false},"excerpt":{"rendered":"<p>Nos feux additionnels universels sont con\u00e7us pour s\u2019adapter \u00e0 toutes les marques de motos. Ils offrent une visibilit\u00e9 accrue et un style unique, am\u00e9liorant ainsi la s\u00e9curit\u00e9 et l\u2019esth\u00e9tique de votre moto.<\/p>\n<p><strong>Caract\u00e9ristiques :<\/strong><\/p>\n<ul>\n<li><strong>Universel :<\/strong>\u00a0Convient \u00e0 toutes les marques de motos.<\/li>\n<li><strong>Am\u00e9lioration de la visibilit\u00e9 :<\/strong>\u00a0Nos\u00a0phares antibrouillard augmentent la visibilit\u00e9 dans des conditions de faible luminosit\u00e9, ce qui contribue \u00e0 am\u00e9liorer la s\u00e9curit\u00e9.<\/li>\n<li><strong>Installation facile :<\/strong>\u00a0Nos feux additionnels sont faciles \u00e0 installer, vous permettant de reprendre la route en un rien de temps.<\/li>\n<\/ul>\n<div class=\"detailmodule_text\" align=\"start\">\n<p id=\"tl_5\" class=\"detail-desc-decorate-content\">* Puissance: 40W\/55W<br \/>\n* Tension: DC10-30V<br \/>\n* Lumi\u00e8re de couleur: Blanc<br \/>\n* Temp\u00e9rature de couleur: 6000K<br \/>\n* Temp\u00e9rature de travail: -45 \u2103 \u2014 85<br \/>\n* Fabriqu\u00e9 en haute qualit\u00e9 avec une longue dur\u00e9e de vie<br \/>\n* Support de montage 360\u00a0+ support de r\u00e9glage<br \/>\n* Pour une protection suppl\u00e9mentaire des lentilles de vos lumi\u00e8res LED, nous fournissons des protections de lumi\u00e8re LED en aluminium en noir.<\/p>\n<\/div>","protected":false},"featured_media":10702,"template":"","meta":{"om_disable_all_campaigns":false,"_surecart_dashboard_logo_width":"180px","_surecart_dashboard_show_logo":true,"_surecart_dashboard_navigation_orders":true,"_surecart_dashboard_navigation_invoices":true,"_surecart_dashboard_navigation_subscriptions":true,"_surecart_dashboard_navigation_downloads":true,"_surecart_dashboard_navigation_billing":true,"_surecart_dashboard_navigation_account":true,"_monsterinsights_skip_tracking":false,"_monsterinsights_sitenote_active":false,"_monsterinsights_sitenote_note":"","_monsterinsights_sitenote_category":0,"site-sidebar-layout":"default","site-content-layout":"","ast-site-content-layout":"default","site-content-style":"default","site-sidebar-style":"default","ast-global-header-display":"","ast-banner-title-visibility":"","ast-main-header-display":"","ast-hfb-above-header-display":"","ast-hfb-below-header-display":"","ast-hfb-mobile-header-display":"","site-post-title":"","ast-breadcrumbs-content":"","ast-featured-img":"","footer-sml-layout":"","ast-disable-related-posts":"","theme-transparent-header-meta":"default","adv-header-id-meta":"","stick-header-meta":"","header-above-stick-meta":"","header-main-stick-meta":"","header-below-stick-meta":"","astra-migrate-meta-layouts":"set","ast-page-background-enabled":"default","ast-page-background-meta":{"desktop":{"background-color":"","background-image":"","background-repeat":"repeat","background-position":"center center","background-size":"auto","background-attachment":"scroll","background-type":"","background-media":"","overlay-type":"","overlay-color":"","overlay-opacity":"","overlay-gradient":""},"tablet":{"background-color":"","background-image":"","background-repeat":"repeat","background-position":"center center","background-size":"auto","background-attachment":"scroll","background-type":"","background-media":"","overlay-type":"","overlay-color":"","overlay-opacity":"","overlay-gradient":""},"mobile":{"background-color":"","background-image":"","background-repeat":"repeat","background-position":"center center","background-size":"auto","background-attachment":"scroll","background-type":"","background-media":"","overlay-type":"","overlay-color":"","overlay-opacity":"","overlay-gradient":""}},"ast-content-background-meta":{"desktop":{"background-color":"var(--ast-global-color-5)","background-image":"","background-repeat":"repeat","background-position":"center center","background-size":"auto","background-attachment":"scroll","background-type":"","background-media":"","overlay-type":"","overlay-color":"","overlay-opacity":"","overlay-gradient":""},"tablet":{"background-color":"var(--ast-global-color-5)","background-image":"","background-repeat":"repeat","background-position":"center center","background-size":"auto","background-attachment":"scroll","background-type":"","background-media":"","overlay-type":"","overlay-color":"","overlay-opacity":"","overlay-gradient":""},"mobile":{"background-color":"var(--ast-global-color-5)","background-image":"","background-repeat":"repeat","background-position":"center center","background-size":"auto","background-attachment":"scroll","background-type":"","background-media":"","overlay-type":"","overlay-color":"","overlay-opacity":"","overlay-gradient":""}}},"product_brand":[211],"product_cat":[15],"product_tag":[],"class_list":{"0":"post-10714","1":"product","2":"type-product","3":"status-publish","4":"has-post-thumbnail","6":"product_brand-btech","7":"product_cat-uncategorized","8":"desktop-align-center","9":"tablet-align-center","10":"mobile-align-center","12":"first","13":"instock","14":"shipping-taxable","15":"purchasable","16":"product-type-simple"},"aioseo_notices":[],"jetpack_sharing_enabled":true,"_links":{"self":[{"href":"https:\/\/x-revup.com\/fr\/wp-json\/wp\/v2\/product\/10714","targetHints":{"allow":["GET"]}}],"collection":[{"href":"https:\/\/x-revup.com\/fr\/wp-json\/wp\/v2\/product"}],"about":[{"href":"https:\/\/x-revup.com\/fr\/wp-json\/wp\/v2\/types\/product"}],"wp:featuredmedia":[{"embeddable":true,"href":"https:\/\/x-revup.com\/fr\/wp-json\/wp\/v2\/media\/10702"}],"wp:attachment":[{"href":"https:\/\/x-revup.com\/fr\/wp-json\/wp\/v2\/media?parent=10714"}],"wp:term":[{"taxonomy":"product_brand","embeddable":true,"href":"https:\/\/x-revup.com\/fr\/wp-json\/wp\/v2\/product_brand?post=10714"},{"taxonomy":"product_cat","embeddable":true,"href":"https:\/\/x-revup.com\/fr\/wp-json\/wp\/v2\/product_cat?post=10714"},{"taxonomy":"product_tag","embeddable":true,"href":"https:\/\/x-revup.com\/fr\/wp-json\/wp\/v2\/product_tag?post=10714"}],"curies":[{"name":"wp","href":"https:\/\/api.w.org\/{rel}","templated":true}]}}