{"id":10712,"date":"2025-09-29T14:44:12","date_gmt":"2025-09-29T14:44:12","guid":{"rendered":"https:\/\/x-revup.com\/?post_type=product&#038;p=10712"},"modified":"2025-09-29T14:52:40","modified_gmt":"2025-09-29T14:52:40","slug":"phare-secours-b7-btech-performance-45%e2%80%b3-70w","status":"publish","type":"product","link":"https:\/\/x-revup.com\/fr\/produit\/phare-secours-b7-btech-performance-45%e2%80%b3-70w\/","title":{"rendered":"PHARE SECOURS B7 BTECH PERFORMANCE 4,5\u2033\/70W"},"content":{"rendered":"","protected":false},"excerpt":{"rendered":"<h5 data-start=\"1560\" data-end=\"1589\">Avantages pour le motard<\/h5>\n<ol data-start=\"1590\" data-end=\"2091\">\n<li class=\"\" data-start=\"1590\" data-end=\"1716\">\n<p class=\"\" data-start=\"1593\" data-end=\"1716\"><strong data-start=\"1593\" data-end=\"1615\">S\u00e9curit\u00e9 renforc\u00e9e<\/strong>\u00a0: champ lumineux large et puissant, pour mieux voir et \u00eatre vu par les autres usagers de la route.<\/p>\n<\/li>\n<li class=\"\" data-start=\"1717\" data-end=\"1846\">\n<p class=\"\" data-start=\"1720\" data-end=\"1846\"><strong data-start=\"1720\" data-end=\"1742\">\u00c9conomie d\u2019\u00e9nergie<\/strong>\u00a0: consommation r\u00e9duite (moins de 3 A en croisement), pr\u00e9serve la batterie et le stator de votre moto.<\/p>\n<\/li>\n<li class=\"\" data-start=\"1847\" data-end=\"1983\">\n<p class=\"\" data-start=\"1850\" data-end=\"1983\"><strong data-start=\"1850\" data-end=\"1866\">Look moderne<\/strong>\u00a0: finition noire mate ou anodis\u00e9e, s\u2019int\u00e8gre sur tous les styles de motos (retro, caf\u00e9-racer, scrambler, custom\u2026).<\/p>\n<\/li>\n<li class=\"\" data-start=\"1984\" data-end=\"2091\">\n<p class=\"\" data-start=\"1987\" data-end=\"2091\"><strong data-start=\"1987\" data-end=\"2001\">Durabilit\u00e9<\/strong>\u00a0: mat\u00e9riaux de haute qualit\u00e9 garantissent une r\u00e9sistance aux intemp\u00e9ries et vibrations.<\/p>\n<\/li>\n<\/ol>","protected":false},"featured_media":10701,"template":"","meta":{"om_disable_all_campaigns":false,"_surecart_dashboard_logo_width":"180px","_surecart_dashboard_show_logo":true,"_surecart_dashboard_navigation_orders":true,"_surecart_dashboard_navigation_invoices":true,"_surecart_dashboard_navigation_subscriptions":true,"_surecart_dashboard_navigation_downloads":true,"_surecart_dashboard_navigation_billing":true,"_surecart_dashboard_navigation_account":true,"_monsterinsights_skip_tracking":false,"_monsterinsights_sitenote_active":false,"_monsterinsights_sitenote_note":"","_monsterinsights_sitenote_category":0,"site-sidebar-layout":"default","site-content-layout":"","ast-site-content-layout":"default","site-content-style":"default","site-sidebar-style":"default","ast-global-header-display":"","ast-banner-title-visibility":"","ast-main-header-display":"","ast-hfb-above-header-display":"","ast-hfb-below-header-display":"","ast-hfb-mobile-header-display":"","site-post-title":"","ast-breadcrumbs-content":"","ast-featured-img":"","footer-sml-layout":"","ast-disable-related-posts":"","theme-transparent-header-meta":"default","adv-header-id-meta":"","stick-header-meta":"","header-above-stick-meta":"","header-main-stick-meta":"","header-below-stick-meta":"","astra-migrate-meta-layouts":"set","ast-page-background-enabled":"default","ast-page-background-meta":{"desktop":{"background-color":"","background-image":"","background-repeat":"repeat","background-position":"center center","background-size":"auto","background-attachment":"scroll","background-type":"","background-media":"","overlay-type":"","overlay-color":"","overlay-opacity":"","overlay-gradient":""},"tablet":{"background-color":"","background-image":"","background-repeat":"repeat","background-position":"center center","background-size":"auto","background-attachment":"scroll","background-type":"","background-media":"","overlay-type":"","overlay-color":"","overlay-opacity":"","overlay-gradient":""},"mobile":{"background-color":"","background-image":"","background-repeat":"repeat","background-position":"center center","background-size":"auto","background-attachment":"scroll","background-type":"","background-media":"","overlay-type":"","overlay-color":"","overlay-opacity":"","overlay-gradient":""}},"ast-content-background-meta":{"desktop":{"background-color":"var(--ast-global-color-5)","background-image":"","background-repeat":"repeat","background-position":"center center","background-size":"auto","background-attachment":"scroll","background-type":"","background-media":"","overlay-type":"","overlay-color":"","overlay-opacity":"","overlay-gradient":""},"tablet":{"background-color":"var(--ast-global-color-5)","background-image":"","background-repeat":"repeat","background-position":"center center","background-size":"auto","background-attachment":"scroll","background-type":"","background-media":"","overlay-type":"","overlay-color":"","overlay-opacity":"","overlay-gradient":""},"mobile":{"background-color":"var(--ast-global-color-5)","background-image":"","background-repeat":"repeat","background-position":"center center","background-size":"auto","background-attachment":"scroll","background-type":"","background-media":"","overlay-type":"","overlay-color":"","overlay-opacity":"","overlay-gradient":""}}},"product_brand":[],"product_cat":[15],"product_tag":[],"class_list":{"0":"post-10712","1":"product","2":"type-product","3":"status-publish","4":"has-post-thumbnail","6":"product_cat-uncategorized","7":"desktop-align-center","8":"tablet-align-center","9":"mobile-align-center","11":"first","12":"instock","13":"sale","14":"shipping-taxable","15":"purchasable","16":"product-type-simple"},"aioseo_notices":[],"jetpack_sharing_enabled":true,"_links":{"self":[{"href":"https:\/\/x-revup.com\/fr\/wp-json\/wp\/v2\/product\/10712","targetHints":{"allow":["GET"]}}],"collection":[{"href":"https:\/\/x-revup.com\/fr\/wp-json\/wp\/v2\/product"}],"about":[{"href":"https:\/\/x-revup.com\/fr\/wp-json\/wp\/v2\/types\/product"}],"wp:featuredmedia":[{"embeddable":true,"href":"https:\/\/x-revup.com\/fr\/wp-json\/wp\/v2\/media\/10701"}],"wp:attachment":[{"href":"https:\/\/x-revup.com\/fr\/wp-json\/wp\/v2\/media?parent=10712"}],"wp:term":[{"taxonomy":"product_brand","embeddable":true,"href":"https:\/\/x-revup.com\/fr\/wp-json\/wp\/v2\/product_brand?post=10712"},{"taxonomy":"product_cat","embeddable":true,"href":"https:\/\/x-revup.com\/fr\/wp-json\/wp\/v2\/product_cat?post=10712"},{"taxonomy":"product_tag","embeddable":true,"href":"https:\/\/x-revup.com\/fr\/wp-json\/wp\/v2\/product_tag?post=10712"}],"curies":[{"name":"wp","href":"https:\/\/api.w.org\/{rel}","templated":true}]}}