{"id":10390,"date":"2025-08-09T14:51:36","date_gmt":"2025-08-09T14:51:36","guid":{"rendered":"https:\/\/x-revup.com\/?post_type=product&#038;p=10390"},"modified":"2025-08-09T15:31:35","modified_gmt":"2025-08-09T15:31:35","slug":"jacket-baysone-safari","status":"publish","type":"product","link":"https:\/\/x-revup.com\/fr\/produit\/jacket-baysone-safari\/","title":{"rendered":"JACKET BAYSONE SAFARI"},"content":{"rendered":"<p data-start=\"183\" data-end=\"279\"><strong data-start=\"183\" data-end=\"279\">Blouson moto SAFARI 2.0 par BAYSONE \u2013 Confort, s\u00e9curit\u00e9 et performance pour tous les motards<\/strong><\/p>\n<p data-start=\"281\" data-end=\"500\">Le <strong data-start=\"284\" data-end=\"311\">blouson moto SAFARI 2.0<\/strong> de <strong data-start=\"315\" data-end=\"326\">BAYSONE<\/strong> incarne parfaitement l&#8217;engagement de la marque envers les motards exigeants, \u00e0 la recherche de <strong data-start=\"422\" data-end=\"433\">confort<\/strong>, de <strong data-start=\"438\" data-end=\"450\">s\u00e9curit\u00e9<\/strong> et de <strong data-start=\"457\" data-end=\"472\">performance<\/strong>, quelle que soit la saison.<\/p>\n<p data-start=\"281\" data-end=\"500\"><img fetchpriority=\"high\" decoding=\"async\" class=\"size-medium wp-image-10404 aligncenter\" src=\"https:\/\/x-revup.com\/wp-content\/uploads\/2025\/08\/JACKET-BAYSONE-SAFARI-2.0-NOIR-f.1-300x300.png\" alt=\"\" width=\"300\" height=\"300\" \/><\/p>\n<p data-start=\"502\" data-end=\"760\">R\u00e9put\u00e9e pour la <strong data-start=\"518\" data-end=\"529\">qualit\u00e9<\/strong> et la <strong data-start=\"536\" data-end=\"549\">fiabilit\u00e9<\/strong> de ses \u00e9quipements moto, BAYSONE con\u00e7oit des <strong data-start=\"595\" data-end=\"618\">blousons techniques<\/strong> durables, adapt\u00e9s \u00e0 toutes les conditions de route et pens\u00e9s pour r\u00e9sister aux al\u00e9as du quotidien comme aux longues aventures sur deux roues.<\/p>\n<p data-start=\"762\" data-end=\"1038\">Le <strong data-start=\"765\" data-end=\"779\">SAFARI 2.0<\/strong> se distingue par sa <strong data-start=\"800\" data-end=\"814\">robustesse<\/strong>, sa <strong data-start=\"819\" data-end=\"845\">modularit\u00e9 saisonni\u00e8re<\/strong> (utilisable toute l\u2019ann\u00e9e gr\u00e2ce \u00e0 ses doublures amovibles), ainsi que par ses <strong data-start=\"924\" data-end=\"954\">protections homologu\u00e9es CE<\/strong> (\u00e9paules, coudes, dos) offrant une s\u00e9curit\u00e9 optimale sans compromis sur le confort.<\/p>\n<p data-start=\"1040\" data-end=\"1203\">Pens\u00e9 pour les passionn\u00e9s de moto, le blouson SAFARI 2.0 est l\u2019alli\u00e9 id\u00e9al pour rouler en toute s\u00e9r\u00e9nit\u00e9, que ce soit en ville, sur autoroute ou en randonn\u00e9e moto.<\/p>\n<p data-start=\"1205\" data-end=\"1380\">\ud83d\udc49 <strong data-start=\"1208\" data-end=\"1227\">Choisir BAYSONE<\/strong>, c\u2019est faire confiance \u00e0 une marque qui place les <strong data-start=\"1278\" data-end=\"1299\">besoins du motard<\/strong> au c\u0153ur de sa conception, avec un souci constant de la performance et du d\u00e9tail.<\/p>","protected":false},"excerpt":{"rendered":"<p><strong data-start=\"94\" data-end=\"175\">Blouson moto SAFARI 2.0 \u2013 S\u00e9curit\u00e9, confort et performance en toutes saisons.<\/strong><br data-start=\"175\" data-end=\"178\" \/>Con\u00e7u par BAYSONE, ce blouson robuste et modulable int\u00e8gre des protections homologu\u00e9es CE. Id\u00e9al pour la route comme pour la ville, il allie durabilit\u00e9, style et technicit\u00e9 pour les motards exigeants.<\/p>","protected":false},"featured_media":10394,"template":"","meta":{"om_disable_all_campaigns":false,"_surecart_dashboard_logo_width":"180px","_surecart_dashboard_show_logo":true,"_surecart_dashboard_navigation_orders":true,"_surecart_dashboard_navigation_invoices":true,"_surecart_dashboard_navigation_subscriptions":true,"_surecart_dashboard_navigation_downloads":true,"_surecart_dashboard_navigation_billing":true,"_surecart_dashboard_navigation_account":true,"_monsterinsights_skip_tracking":false,"_monsterinsights_sitenote_active":false,"_monsterinsights_sitenote_note":"","_monsterinsights_sitenote_category":0,"site-sidebar-layout":"default","site-content-layout":"","ast-site-content-layout":"default","site-content-style":"default","site-sidebar-style":"default","ast-global-header-display":"","ast-banner-title-visibility":"","ast-main-header-display":"","ast-hfb-above-header-display":"","ast-hfb-below-header-display":"","ast-hfb-mobile-header-display":"","site-post-title":"","ast-breadcrumbs-content":"","ast-featured-img":"","footer-sml-layout":"","ast-disable-related-posts":"","theme-transparent-header-meta":"default","adv-header-id-meta":"","stick-header-meta":"","header-above-stick-meta":"","header-main-stick-meta":"","header-below-stick-meta":"","astra-migrate-meta-layouts":"set","ast-page-background-enabled":"default","ast-page-background-meta":{"desktop":{"background-color":"","background-image":"","background-repeat":"repeat","background-position":"center center","background-size":"auto","background-attachment":"scroll","background-type":"","background-media":"","overlay-type":"","overlay-color":"","overlay-opacity":"","overlay-gradient":""},"tablet":{"background-color":"","background-image":"","background-repeat":"repeat","background-position":"center center","background-size":"auto","background-attachment":"scroll","background-type":"","background-media":"","overlay-type":"","overlay-color":"","overlay-opacity":"","overlay-gradient":""},"mobile":{"background-color":"","background-image":"","background-repeat":"repeat","background-position":"center center","background-size":"auto","background-attachment":"scroll","background-type":"","background-media":"","overlay-type":"","overlay-color":"","overlay-opacity":"","overlay-gradient":""}},"ast-content-background-meta":{"desktop":{"background-color":"var(--ast-global-color-5)","background-image":"","background-repeat":"repeat","background-position":"center center","background-size":"auto","background-attachment":"scroll","background-type":"","background-media":"","overlay-type":"","overlay-color":"","overlay-opacity":"","overlay-gradient":""},"tablet":{"background-color":"var(--ast-global-color-5)","background-image":"","background-repeat":"repeat","background-position":"center center","background-size":"auto","background-attachment":"scroll","background-type":"","background-media":"","overlay-type":"","overlay-color":"","overlay-opacity":"","overlay-gradient":""},"mobile":{"background-color":"var(--ast-global-color-5)","background-image":"","background-repeat":"repeat","background-position":"center center","background-size":"auto","background-attachment":"scroll","background-type":"","background-media":"","overlay-type":"","overlay-color":"","overlay-opacity":"","overlay-gradient":""}}},"product_brand":[153],"product_cat":[106],"product_tag":[203,202],"class_list":{"0":"post-10390","1":"product","2":"type-product","3":"status-publish","4":"has-post-thumbnail","6":"product_brand-baysone","7":"product_cat-jacket","8":"product_tag-blouson-moto","9":"product_tag-moto-jacket","10":"desktop-align-center","11":"tablet-align-center","12":"mobile-align-center","14":"first","15":"instock","16":"shipping-taxable","17":"purchasable","18":"product-type-variable","19":"has-default-attributes"},"aioseo_notices":[],"jetpack_sharing_enabled":true,"_links":{"self":[{"href":"https:\/\/x-revup.com\/fr\/wp-json\/wp\/v2\/product\/10390","targetHints":{"allow":["GET"]}}],"collection":[{"href":"https:\/\/x-revup.com\/fr\/wp-json\/wp\/v2\/product"}],"about":[{"href":"https:\/\/x-revup.com\/fr\/wp-json\/wp\/v2\/types\/product"}],"wp:featuredmedia":[{"embeddable":true,"href":"https:\/\/x-revup.com\/fr\/wp-json\/wp\/v2\/media\/10394"}],"wp:attachment":[{"href":"https:\/\/x-revup.com\/fr\/wp-json\/wp\/v2\/media?parent=10390"}],"wp:term":[{"taxonomy":"product_brand","embeddable":true,"href":"https:\/\/x-revup.com\/fr\/wp-json\/wp\/v2\/product_brand?post=10390"},{"taxonomy":"product_cat","embeddable":true,"href":"https:\/\/x-revup.com\/fr\/wp-json\/wp\/v2\/product_cat?post=10390"},{"taxonomy":"product_tag","embeddable":true,"href":"https:\/\/x-revup.com\/fr\/wp-json\/wp\/v2\/product_tag?post=10390"}],"curies":[{"name":"wp","href":"https:\/\/api.w.org\/{rel}","templated":true}]}}