{"id":5502,"date":"2024-11-04T15:18:12","date_gmt":"2024-11-04T15:18:12","guid":{"rendered":"https:\/\/x-revup.com\/?page_id=5502"},"modified":"2024-11-22T23:48:24","modified_gmt":"2024-11-22T23:48:24","slug":"category","status":"publish","type":"page","link":"https:\/\/x-revup.com\/fr\/category\/","title":{"rendered":"Category"},"content":{"rendered":"<div data-elementor-type=\"wp-post\" data-elementor-id=\"5502\" class=\"elementor elementor-5502\">\n\t\t\t\t<div class=\"elementor-element elementor-element-dfdc5a6 e-flex e-con-boxed e-con e-parent\" data-id=\"dfdc5a6\" data-element_type=\"container\" data-e-type=\"container\" data-settings=\"{&quot;background_background&quot;:&quot;classic&quot;}\">\n\t\t\t\t\t<div class=\"e-con-inner\">\n\t\t<div class=\"elementor-element elementor-element-1eaf493 e-con-full e-flex e-con e-child\" data-id=\"1eaf493\" data-element_type=\"container\" data-e-type=\"container\">\n\t\t\t\t<div class=\"elementor-element elementor-element-2ea6a7d elementor-widget elementor-widget-heading\" data-id=\"2ea6a7d\" data-element_type=\"widget\" data-e-type=\"widget\" data-widget_type=\"heading.default\">\n\t\t\t\t<div class=\"elementor-widget-container\">\n\t\t\t\t\t<h1 class=\"elementor-heading-title elementor-size-default\">CATEGORIES<\/h1>\t\t\t\t<\/div>\n\t\t\t\t<\/div>\n\t\t\t\t<\/div>\n\t\t\t\t\t<\/div>\n\t\t\t\t<\/div>\n\t\t<div class=\"elementor-element elementor-element-748980c e-flex e-con-boxed e-con e-parent\" data-id=\"748980c\" data-element_type=\"container\" data-e-type=\"container\" data-settings=\"{&quot;background_background&quot;:&quot;classic&quot;}\">\n\t\t\t\t\t<div class=\"e-con-inner\">\n\t\t<div class=\"elementor-element elementor-element-ce4f094 e-con-full e-flex e-con e-child\" data-id=\"ce4f094\" data-element_type=\"container\" data-e-type=\"container\">\n\t\t\t\t<div class=\"elementor-element elementor-element-1ff1c00 elementor-widget elementor-widget-shortcode\" data-id=\"1ff1c00\" data-element_type=\"widget\" data-e-type=\"widget\" data-widget_type=\"shortcode.default\">\n\t\t\t\t<div class=\"elementor-widget-container\">\n\t\t\t\t\t\t\t<div class=\"elementor-shortcode\"><div class=\"woocommerce columns-4\"><ul class=\"products columns-4\">\n<li class=\"product-category product first\">\n\t<a aria-label=\"Acc\u00e9der \u00e0 la cat\u00e9gorie de produits ACCESSOIRES\" href=\"https:\/\/x-revup.com\/fr\/categorie-produit\/accessoires\/\" data-no-translation-aria-label=\"\"><img fetchpriority=\"high\" decoding=\"async\" src=\"https:\/\/x-revup.com\/wp-content\/uploads\/woocommerce-placeholder-300x300.png\" alt=\"ACCESSOIRES\" width=\"300\" height=\"300\" \/>\t\t<h2 class=\"woocommerce-loop-category__title\">\n\t\t\tACCESSOIRES<mark class=\"count\">15 produits<\/mark>\t\t<\/h2>\n\t\t<\/a><\/li>\n<li class=\"product-category product\">\n\t<a aria-label=\"Acc\u00e9der \u00e0 la cat\u00e9gorie de produits ACCESSOIRES\" href=\"https:\/\/x-revup.com\/fr\/categorie-produit\/casque\/accessoires-casque\/\" data-no-translation-aria-label=\"\"><img fetchpriority=\"high\" decoding=\"async\" src=\"https:\/\/x-revup.com\/wp-content\/uploads\/woocommerce-placeholder-300x300.png\" alt=\"ACCESSOIRES\" width=\"300\" height=\"300\" \/>\t\t<h2 class=\"woocommerce-loop-category__title\">\n\t\t\tACCESSOIRES<mark class=\"count\">7 produits<\/mark>\t\t<\/h2>\n\t\t<\/a><\/li>\n<li class=\"product-category product\">\n\t<a aria-label=\"Acc\u00e9der \u00e0 la cat\u00e9gorie de produits AIR BAG\" href=\"https:\/\/x-revup.com\/fr\/categorie-produit\/protection-securites\/air-bag\/\" data-no-translation-aria-label=\"\"><img decoding=\"async\" src=\"https:\/\/x-revup.com\/wp-content\/uploads\/woocommerce-placeholder-300x300.png\" alt=\"AIR BAG\" width=\"300\" height=\"300\" \/>\t\t<h2 class=\"woocommerce-loop-category__title\">\n\t\t\tAIR BAG<mark class=\"count\">1 produit<\/mark>\t\t<\/h2>\n\t\t<\/a><\/li>\n<li class=\"product-category product last\">\n\t<a aria-label=\"Acc\u00e9der \u00e0 la cat\u00e9gorie de produits BAGAGERIES MOTO\" href=\"https:\/\/x-revup.com\/fr\/categorie-produit\/bagageries-moto\/\" data-no-translation-aria-label=\"\"><img decoding=\"async\" src=\"https:\/\/x-revup.com\/wp-content\/uploads\/woocommerce-placeholder-300x300.png\" alt=\"BAGAGERIES MOTO\" width=\"300\" height=\"300\" \/>\t\t<h2 class=\"woocommerce-loop-category__title\">\n\t\t\tBAGAGERIES MOTO<mark class=\"count\">8 produits<\/mark>\t\t<\/h2>\n\t\t<\/a><\/li>\n<li class=\"product-category product first\">\n\t<a aria-label=\"Acc\u00e9der \u00e0 la cat\u00e9gorie de produits BAGERERIES MOTARS\" href=\"https:\/\/x-revup.com\/fr\/categorie-produit\/bagereries\/\" data-no-translation-aria-label=\"\"><img loading=\"lazy\" decoding=\"async\" src=\"https:\/\/x-revup.com\/wp-content\/uploads\/woocommerce-placeholder-300x300.png\" alt=\"BAGERERIES MOTARS\" width=\"300\" height=\"300\" \/>\t\t<h2 class=\"woocommerce-loop-category__title\">\n\t\t\tBAGERERIES MOTARS<mark class=\"count\">2 produits<\/mark>\t\t<\/h2>\n\t\t<\/a><\/li>\n<li class=\"product-category product\">\n\t<a aria-label=\"Acc\u00e9der \u00e0 la cat\u00e9gorie de produits BLOQUE DISQUE MOTO\" href=\"https:\/\/x-revup.com\/fr\/categorie-produit\/protection-moto\/bloque-disque-moto\/\" data-no-translation-aria-label=\"\"><img loading=\"lazy\" decoding=\"async\" src=\"https:\/\/x-revup.com\/wp-content\/uploads\/woocommerce-placeholder-300x300.png\" alt=\"BLOQUE DISQUE MOTO\" width=\"300\" height=\"300\" \/>\t\t<h2 class=\"woocommerce-loop-category__title\">\n\t\t\tBLOQUE DISQUE MOTO<mark class=\"count\">4 produits<\/mark>\t\t<\/h2>\n\t\t<\/a><\/li>\n<li class=\"product-category product\">\n\t<a aria-label=\"Acc\u00e9der \u00e0 la cat\u00e9gorie de produits BOUTTES &amp; CHAUSSURES\" href=\"https:\/\/x-revup.com\/fr\/categorie-produit\/bouttes\/\" data-no-translation-aria-label=\"\"><img loading=\"lazy\" decoding=\"async\" src=\"https:\/\/x-revup.com\/wp-content\/uploads\/2025\/04\/choes-300x300.jpg\" alt=\"BOUTTES &amp; CHAUSSURES\" width=\"300\" height=\"300\" srcset=\"https:\/\/x-revup.com\/wp-content\/uploads\/2025\/04\/choes-300x300.jpg 300w, https:\/\/x-revup.com\/wp-content\/uploads\/2025\/04\/choes-150x150.jpg 150w, https:\/\/x-revup.com\/wp-content\/uploads\/2025\/04\/choes-768x768.jpg 768w, https:\/\/x-revup.com\/wp-content\/uploads\/2025\/04\/choes-12x12.jpg 12w, https:\/\/x-revup.com\/wp-content\/uploads\/2025\/04\/choes-24x24.jpg 24w, https:\/\/x-revup.com\/wp-content\/uploads\/2025\/04\/choes-36x36.jpg 36w, https:\/\/x-revup.com\/wp-content\/uploads\/2025\/04\/choes-48x48.jpg 48w, https:\/\/x-revup.com\/wp-content\/uploads\/2025\/04\/choes-600x600.jpg 600w, https:\/\/x-revup.com\/wp-content\/uploads\/2025\/04\/choes-100x100.jpg 100w, https:\/\/x-revup.com\/wp-content\/uploads\/2025\/04\/choes.jpg 800w\" sizes=\"(max-width: 300px) 100vw, 300px\" \/>\t\t<h2 class=\"woocommerce-loop-category__title\">\n\t\t\tBOUTTES &amp; CHAUSSURES<mark class=\"count\">11 produits<\/mark>\t\t<\/h2>\n\t\t<\/a><\/li>\n<li class=\"product-category product last\">\n\t<a aria-label=\"Acc\u00e9der \u00e0 la cat\u00e9gorie de produits CASQUES\" href=\"https:\/\/x-revup.com\/fr\/categorie-produit\/casque\/\" data-no-translation-aria-label=\"\"><img loading=\"lazy\" decoding=\"async\" src=\"https:\/\/x-revup.com\/wp-content\/uploads\/2024\/12\/Layer-1114.png\" alt=\"CASQUES\" width=\"300\" height=\"300\" srcset=\"https:\/\/x-revup.com\/wp-content\/uploads\/2024\/12\/Layer-1114.png 150w, https:\/\/x-revup.com\/wp-content\/uploads\/2024\/12\/Layer-1114-24x24.png 24w, https:\/\/x-revup.com\/wp-content\/uploads\/2024\/12\/Layer-1114-36x36.png 36w, https:\/\/x-revup.com\/wp-content\/uploads\/2024\/12\/Layer-1114-48x48.png 48w, https:\/\/x-revup.com\/wp-content\/uploads\/2024\/12\/Layer-1114-100x100.png 100w\" sizes=\"(max-width: 150px) 100vw, 150px\" \/>\t\t<h2 class=\"woocommerce-loop-category__title\">\n\t\t\tCASQUES<mark class=\"count\">47 produits<\/mark>\t\t<\/h2>\n\t\t<\/a><\/li>\n<li class=\"product-category product first\">\n\t<a aria-label=\"Acc\u00e9der \u00e0 la cat\u00e9gorie de produits GANTS\" href=\"https:\/\/x-revup.com\/fr\/categorie-produit\/gants\/\" data-no-translation-aria-label=\"\"><img loading=\"lazy\" decoding=\"async\" src=\"https:\/\/x-revup.com\/wp-content\/uploads\/2024\/11\/Layer-1113.png\" alt=\"GANTS\" width=\"300\" height=\"300\" srcset=\"https:\/\/x-revup.com\/wp-content\/uploads\/2024\/11\/Layer-1113.png 300w, https:\/\/x-revup.com\/wp-content\/uploads\/2024\/11\/Layer-1113-150x150.png 150w, https:\/\/x-revup.com\/wp-content\/uploads\/2024\/11\/Layer-1113-24x24.png 24w, https:\/\/x-revup.com\/wp-content\/uploads\/2024\/11\/Layer-1113-36x36.png 36w, https:\/\/x-revup.com\/wp-content\/uploads\/2024\/11\/Layer-1113-48x48.png 48w, https:\/\/x-revup.com\/wp-content\/uploads\/2024\/11\/Layer-1113-100x100.png 100w\" sizes=\"(max-width: 300px) 100vw, 300px\" \/>\t\t<h2 class=\"woocommerce-loop-category__title\">\n\t\t\tGANTS<mark class=\"count\">12 produits<\/mark>\t\t<\/h2>\n\t\t<\/a><\/li>\n<li class=\"product-category product\">\n\t<a aria-label=\"Acc\u00e9der \u00e0 la cat\u00e9gorie de produits INTERCOME &amp; BLUETOOTH\" href=\"https:\/\/x-revup.com\/fr\/categorie-produit\/casque\/accessoires-casque\/intercome-bluetooth\/\" data-no-translation-aria-label=\"\"><img loading=\"lazy\" decoding=\"async\" src=\"https:\/\/x-revup.com\/wp-content\/uploads\/woocommerce-placeholder-300x300.png\" alt=\"INTERCOME &amp; BLUETOOTH\" width=\"300\" height=\"300\" \/>\t\t<h2 class=\"woocommerce-loop-category__title\">\n\t\t\tINTERCOME &amp; BLUETOOTH<mark class=\"count\">4 produits<\/mark>\t\t<\/h2>\n\t\t<\/a><\/li>\n<li class=\"product-category product\">\n\t<a aria-label=\"Acc\u00e9der \u00e0 la cat\u00e9gorie de produits INTERCOMS\" href=\"https:\/\/x-revup.com\/fr\/categorie-produit\/navigation\/intercoms\/\" data-no-translation-aria-label=\"\"><img loading=\"lazy\" decoding=\"async\" src=\"https:\/\/x-revup.com\/wp-content\/uploads\/woocommerce-placeholder-300x300.png\" alt=\"INTERCOMS\" width=\"300\" height=\"300\" \/>\t\t<h2 class=\"woocommerce-loop-category__title\">\n\t\t\tINTERCOMS<mark class=\"count\">4 produits<\/mark>\t\t<\/h2>\n\t\t<\/a><\/li>\n<li class=\"product-category product last\">\n\t<a aria-label=\"Acc\u00e9der \u00e0 la cat\u00e9gorie de produits ITEGRALE\" href=\"https:\/\/x-revup.com\/fr\/categorie-produit\/casque\/integrale\/\" data-no-translation-aria-label=\"\"><img loading=\"lazy\" decoding=\"async\" src=\"https:\/\/x-revup.com\/wp-content\/uploads\/woocommerce-placeholder-300x300.png\" alt=\"ITEGRALE\" width=\"300\" height=\"300\" \/>\t\t<h2 class=\"woocommerce-loop-category__title\">\n\t\t\tITEGRALE<mark class=\"count\">12 produits<\/mark>\t\t<\/h2>\n\t\t<\/a><\/li>\n<li class=\"product-category product first\">\n\t<a aria-label=\"Acc\u00e9der \u00e0 la cat\u00e9gorie de produits JACKETS\" href=\"https:\/\/x-revup.com\/fr\/categorie-produit\/jacket\/\" data-no-translation-aria-label=\"\"><img loading=\"lazy\" decoding=\"async\" src=\"https:\/\/x-revup.com\/wp-content\/uploads\/2025\/04\/JACKETS-300x300.jpg\" alt=\"JACKETS\" width=\"300\" height=\"300\" srcset=\"https:\/\/x-revup.com\/wp-content\/uploads\/2025\/04\/JACKETS-300x300.jpg 300w, https:\/\/x-revup.com\/wp-content\/uploads\/2025\/04\/JACKETS-150x150.jpg 150w, https:\/\/x-revup.com\/wp-content\/uploads\/2025\/04\/JACKETS-768x768.jpg 768w, https:\/\/x-revup.com\/wp-content\/uploads\/2025\/04\/JACKETS-12x12.jpg 12w, https:\/\/x-revup.com\/wp-content\/uploads\/2025\/04\/JACKETS-24x24.jpg 24w, https:\/\/x-revup.com\/wp-content\/uploads\/2025\/04\/JACKETS-36x36.jpg 36w, https:\/\/x-revup.com\/wp-content\/uploads\/2025\/04\/JACKETS-48x48.jpg 48w, https:\/\/x-revup.com\/wp-content\/uploads\/2025\/04\/JACKETS-600x600.jpg 600w, https:\/\/x-revup.com\/wp-content\/uploads\/2025\/04\/JACKETS-100x100.jpg 100w, https:\/\/x-revup.com\/wp-content\/uploads\/2025\/04\/JACKETS.jpg 800w\" sizes=\"(max-width: 300px) 100vw, 300px\" \/>\t\t<h2 class=\"woocommerce-loop-category__title\">\n\t\t\tJACKETS<mark class=\"count\">10 produits<\/mark>\t\t<\/h2>\n\t\t<\/a><\/li>\n<li class=\"product-category product\">\n\t<a aria-label=\"Acc\u00e9der \u00e0 la cat\u00e9gorie de produits KIT SECOURS\" href=\"https:\/\/x-revup.com\/fr\/categorie-produit\/protection-securites\/kit-secours\/\" data-no-translation-aria-label=\"\"><img loading=\"lazy\" decoding=\"async\" src=\"https:\/\/x-revup.com\/wp-content\/uploads\/woocommerce-placeholder-300x300.png\" alt=\"KIT SECOURS\" width=\"300\" height=\"300\" \/>\t\t<h2 class=\"woocommerce-loop-category__title\">\n\t\t\tKIT SECOURS<mark class=\"count\">1 produit<\/mark>\t\t<\/h2>\n\t\t<\/a><\/li>\n<li class=\"product-category product\">\n\t<a aria-label=\"Acc\u00e9der \u00e0 la cat\u00e9gorie de produits modular\" href=\"https:\/\/x-revup.com\/fr\/categorie-produit\/casque\/modular\/\" data-no-translation-aria-label=\"\"><img loading=\"lazy\" decoding=\"async\" src=\"https:\/\/x-revup.com\/wp-content\/uploads\/woocommerce-placeholder-300x300.png\" alt=\"modular\" width=\"300\" height=\"300\" \/>\t\t<h2 class=\"woocommerce-loop-category__title\">\n\t\t\tmodular<mark class=\"count\">22 produits<\/mark>\t\t<\/h2>\n\t\t<\/a><\/li>\n<li class=\"product-category product last\">\n\t<a aria-label=\"Acc\u00e9der \u00e0 la cat\u00e9gorie de produits NAVIGATION\" href=\"https:\/\/x-revup.com\/fr\/categorie-produit\/navigation\/\" data-no-translation-aria-label=\"\"><img loading=\"lazy\" decoding=\"async\" src=\"https:\/\/x-revup.com\/wp-content\/uploads\/woocommerce-placeholder-300x300.png\" alt=\"NAVIGATION\" width=\"300\" height=\"300\" \/>\t\t<h2 class=\"woocommerce-loop-category__title\">\n\t\t\tNAVIGATION<mark class=\"count\">16 produits<\/mark>\t\t<\/h2>\n\t\t<\/a><\/li>\n<li class=\"product-category product first\">\n\t<a aria-label=\"Acc\u00e9der \u00e0 la cat\u00e9gorie de produits NOS PROMOTIONS\" href=\"https:\/\/x-revup.com\/fr\/categorie-produit\/promotion\/\" data-no-translation-aria-label=\"\"><img loading=\"lazy\" decoding=\"async\" src=\"https:\/\/x-revup.com\/wp-content\/uploads\/2025\/02\/promotion-300x300.png\" alt=\"NOS PROMOTIONS\" width=\"300\" height=\"300\" srcset=\"https:\/\/x-revup.com\/wp-content\/uploads\/2025\/02\/promotion-300x300.png 300w, https:\/\/x-revup.com\/wp-content\/uploads\/2025\/02\/promotion-150x150.png 150w, https:\/\/x-revup.com\/wp-content\/uploads\/2025\/02\/promotion-768x768.png 768w, https:\/\/x-revup.com\/wp-content\/uploads\/2025\/02\/promotion-12x12.png 12w, https:\/\/x-revup.com\/wp-content\/uploads\/2025\/02\/promotion-24x24.png 24w, https:\/\/x-revup.com\/wp-content\/uploads\/2025\/02\/promotion-36x36.png 36w, https:\/\/x-revup.com\/wp-content\/uploads\/2025\/02\/promotion-48x48.png 48w, https:\/\/x-revup.com\/wp-content\/uploads\/2025\/02\/promotion-600x600.png 600w, https:\/\/x-revup.com\/wp-content\/uploads\/2025\/02\/promotion-100x100.png 100w, https:\/\/x-revup.com\/wp-content\/uploads\/2025\/02\/promotion.png 800w\" sizes=\"(max-width: 300px) 100vw, 300px\" \/>\t\t<h2 class=\"woocommerce-loop-category__title\">\n\t\t\tNOS PROMOTIONS<mark class=\"count\">3 produits<\/mark>\t\t<\/h2>\n\t\t<\/a><\/li>\n<li class=\"product-category product\">\n\t<a aria-label=\"Acc\u00e9der \u00e0 la cat\u00e9gorie de produits off road\" href=\"https:\/\/x-revup.com\/fr\/categorie-produit\/casque\/off-road\/\" data-no-translation-aria-label=\"\"><img loading=\"lazy\" decoding=\"async\" src=\"https:\/\/x-revup.com\/wp-content\/uploads\/woocommerce-placeholder-300x300.png\" alt=\"off road\" width=\"300\" height=\"300\" \/>\t\t<h2 class=\"woocommerce-loop-category__title\">\n\t\t\toff road<mark class=\"count\">7 produits<\/mark>\t\t<\/h2>\n\t\t<\/a><\/li>\n<li class=\"product-category product\">\n\t<a aria-label=\"Acc\u00e9der \u00e0 la cat\u00e9gorie de produits open face\" href=\"https:\/\/x-revup.com\/fr\/categorie-produit\/casque\/open-face\/\" data-no-translation-aria-label=\"\"><img loading=\"lazy\" decoding=\"async\" src=\"https:\/\/x-revup.com\/wp-content\/uploads\/woocommerce-placeholder-300x300.png\" alt=\"open face\" width=\"300\" height=\"300\" \/>\t\t<h2 class=\"woocommerce-loop-category__title\">\n\t\t\topen face<mark class=\"count\">4 produits<\/mark>\t\t<\/h2>\n\t\t<\/a><\/li>\n<li class=\"product-category product last\">\n\t<a aria-label=\"Acc\u00e9der \u00e0 la cat\u00e9gorie de produits PROTECTION &amp; SECURITES\" href=\"https:\/\/x-revup.com\/fr\/categorie-produit\/protection-securites\/\" data-no-translation-aria-label=\"\"><img loading=\"lazy\" decoding=\"async\" src=\"https:\/\/x-revup.com\/wp-content\/uploads\/woocommerce-placeholder-300x300.png\" alt=\"PROTECTION &amp; SECURITES\" width=\"300\" height=\"300\" \/>\t\t<h2 class=\"woocommerce-loop-category__title\">\n\t\t\tPROTECTION &amp; SECURITES<mark class=\"count\">3 produits<\/mark>\t\t<\/h2>\n\t\t<\/a><\/li>\n<li class=\"product-category product first\">\n\t<a aria-label=\"Acc\u00e9der \u00e0 la cat\u00e9gorie de produits PROTECTION GENOUS &amp; COUDES\" href=\"https:\/\/x-revup.com\/fr\/categorie-produit\/protection-securites\/protection-genous-coudes\/\" data-no-translation-aria-label=\"\"><img loading=\"lazy\" decoding=\"async\" src=\"https:\/\/x-revup.com\/wp-content\/uploads\/woocommerce-placeholder-300x300.png\" alt=\"PROTECTION GENOUS &amp; COUDES\" width=\"300\" height=\"300\" \/>\t\t<h2 class=\"woocommerce-loop-category__title\">\n\t\t\tPROTECTION GENOUS &amp; COUDES<mark class=\"count\">1 produit<\/mark>\t\t<\/h2>\n\t\t<\/a><\/li>\n<li class=\"product-category product\">\n\t<a aria-label=\"Acc\u00e9der \u00e0 la cat\u00e9gorie de produits PROTECTION MOTO\" href=\"https:\/\/x-revup.com\/fr\/categorie-produit\/protection-moto\/\" data-no-translation-aria-label=\"\"><img loading=\"lazy\" decoding=\"async\" src=\"https:\/\/x-revup.com\/wp-content\/uploads\/woocommerce-placeholder-300x300.png\" alt=\"PROTECTION MOTO\" width=\"300\" height=\"300\" \/>\t\t<h2 class=\"woocommerce-loop-category__title\">\n\t\t\tPROTECTION MOTO<mark class=\"count\">5 produits<\/mark>\t\t<\/h2>\n\t\t<\/a><\/li>\n<li class=\"product-category product\">\n\t<a aria-label=\"Acc\u00e9der \u00e0 la cat\u00e9gorie de produits SAC DE JAMB\" href=\"https:\/\/x-revup.com\/fr\/categorie-produit\/bagereries\/sac-de-jamb\/\" data-no-translation-aria-label=\"\"><img loading=\"lazy\" decoding=\"async\" src=\"https:\/\/x-revup.com\/wp-content\/uploads\/woocommerce-placeholder-300x300.png\" alt=\"SAC DE JAMB\" width=\"300\" height=\"300\" \/>\t\t<h2 class=\"woocommerce-loop-category__title\">\n\t\t\tSAC DE JAMB<mark class=\"count\">2 produits<\/mark>\t\t<\/h2>\n\t\t<\/a><\/li>\n<li class=\"product-category product last\">\n\t<a aria-label=\"Acc\u00e9der \u00e0 la cat\u00e9gorie de produits SACS CRASH BAR\" href=\"https:\/\/x-revup.com\/fr\/categorie-produit\/bagageries-moto\/sacs-crash-bar\/\" data-no-translation-aria-label=\"\"><img loading=\"lazy\" decoding=\"async\" src=\"https:\/\/x-revup.com\/wp-content\/uploads\/woocommerce-placeholder-300x300.png\" alt=\"SACS CRASH BAR\" width=\"300\" height=\"300\" \/>\t\t<h2 class=\"woocommerce-loop-category__title\">\n\t\t\tSACS CRASH BAR<mark class=\"count\">2 produits<\/mark>\t\t<\/h2>\n\t\t<\/a><\/li>\n<li class=\"product-category product first\">\n\t<a aria-label=\"Acc\u00e9der \u00e0 la cat\u00e9gorie de produits SUPPORT TELEPHONE\" href=\"https:\/\/x-revup.com\/fr\/categorie-produit\/navigation\/support-telephone\/\" data-no-translation-aria-label=\"\"><img loading=\"lazy\" decoding=\"async\" src=\"https:\/\/x-revup.com\/wp-content\/uploads\/woocommerce-placeholder-300x300.png\" alt=\"SUPPORT TELEPHONE\" width=\"300\" height=\"300\" \/>\t\t<h2 class=\"woocommerce-loop-category__title\">\n\t\t\tSUPPORT TELEPHONE<mark class=\"count\">11 produits<\/mark>\t\t<\/h2>\n\t\t<\/a><\/li>\n<li class=\"product-category product\">\n\t<a aria-label=\"Acc\u00e9der \u00e0 la cat\u00e9gorie de produits TOP CASE ET VALISE\" href=\"https:\/\/x-revup.com\/fr\/categorie-produit\/bagageries-moto\/top-case-et-valise\/\" data-no-translation-aria-label=\"\"><img loading=\"lazy\" decoding=\"async\" src=\"https:\/\/x-revup.com\/wp-content\/uploads\/woocommerce-placeholder-300x300.png\" alt=\"TOP CASE ET VALISE\" width=\"300\" height=\"300\" \/>\t\t<h2 class=\"woocommerce-loop-category__title\">\n\t\t\tTOP CASE ET VALISE<mark class=\"count\">6 produits<\/mark>\t\t<\/h2>\n\t\t<\/a><\/li>\n<li class=\"product-category product\">\n\t<a aria-label=\"Acc\u00e9der \u00e0 la cat\u00e9gorie de produits Uncategorized\" href=\"https:\/\/x-revup.com\/fr\/categorie-produit\/uncategorized\/\" data-no-translation-aria-label=\"\"><img loading=\"lazy\" decoding=\"async\" src=\"https:\/\/x-revup.com\/wp-content\/uploads\/woocommerce-placeholder-300x300.png\" alt=\"Uncategorized\" width=\"300\" height=\"300\" \/>\t\t<h2 class=\"woocommerce-loop-category__title\">\n\t\t\tUncategorized<mark class=\"count\">7 produits<\/mark>\t\t<\/h2>\n\t\t<\/a><\/li>\n<li class=\"product-category product last\">\n\t<a aria-label=\"Acc\u00e9der \u00e0 la cat\u00e9gorie de produits valises\" href=\"https:\/\/x-revup.com\/fr\/categorie-produit\/valises\/\" data-no-translation-aria-label=\"\"><img loading=\"lazy\" decoding=\"async\" src=\"https:\/\/x-revup.com\/wp-content\/uploads\/2024\/12\/caltigor-copy-3-merged.png\" alt=\"valises\" width=\"300\" height=\"300\" srcset=\"https:\/\/x-revup.com\/wp-content\/uploads\/2024\/12\/caltigor-copy-3-merged.png 150w, https:\/\/x-revup.com\/wp-content\/uploads\/2024\/12\/caltigor-copy-3-merged-24x24.png 24w, https:\/\/x-revup.com\/wp-content\/uploads\/2024\/12\/caltigor-copy-3-merged-36x36.png 36w, https:\/\/x-revup.com\/wp-content\/uploads\/2024\/12\/caltigor-copy-3-merged-48x48.png 48w, https:\/\/x-revup.com\/wp-content\/uploads\/2024\/12\/caltigor-copy-3-merged-100x100.png 100w, https:\/\/x-revup.com\/wp-content\/uploads\/2024\/12\/elementor\/thumbs\/caltigor-copy-3-merged.png 800w\" sizes=\"(max-width: 150px) 100vw, 150px\" \/>\t\t<h2 class=\"woocommerce-loop-category__title\">\n\t\t\tvalises<mark class=\"count\">1 produit<\/mark>\t\t<\/h2>\n\t\t<\/a><\/li>\n<li class=\"product-category product first\">\n\t<a aria-label=\"Acc\u00e9der \u00e0 la cat\u00e9gorie de produits VISIERE &amp; PINLOCK\" href=\"https:\/\/x-revup.com\/fr\/categorie-produit\/casque\/accessoires-casque\/visiere-pinlock\/\" data-no-translation-aria-label=\"\"><img loading=\"lazy\" decoding=\"async\" src=\"https:\/\/x-revup.com\/wp-content\/uploads\/woocommerce-placeholder-300x300.png\" alt=\"VISIERE &amp; PINLOCK\" width=\"300\" height=\"300\" \/>\t\t<h2 class=\"woocommerce-loop-category__title\">\n\t\t\tVISIERE &amp; PINLOCK<mark class=\"count\">3 produits<\/mark>\t\t<\/h2>\n\t\t<\/a><\/li>\n<\/ul>\n<\/div> <\/div>\n\t\t\t\t\t\t<\/div>\n\t\t\t\t<\/div>\n\t\t\t\t<\/div>\n\t\t\t\t\t<\/div>\n\t\t\t\t<\/div>\n\t\t\t\t<\/div>","protected":false},"excerpt":{"rendered":"<p>CATEGORIES<\/p>","protected":false},"author":1,"featured_media":0,"parent":0,"menu_order":0,"comment_status":"closed","ping_status":"closed","template":"","meta":{"om_disable_all_campaigns":false,"_surecart_dashboard_logo_width":"180px","_surecart_dashboard_show_logo":true,"_surecart_dashboard_navigation_orders":true,"_surecart_dashboard_navigation_invoices":true,"_surecart_dashboard_navigation_subscriptions":true,"_surecart_dashboard_navigation_downloads":true,"_surecart_dashboard_navigation_billing":true,"_surecart_dashboard_navigation_account":true,"_monsterinsights_skip_tracking":false,"_monsterinsights_sitenote_active":false,"_monsterinsights_sitenote_note":"","_monsterinsights_sitenote_category":0,"site-sidebar-layout":"no-sidebar","site-content-layout":"page-builder","ast-site-content-layout":"full-width-container","site-content-style":"unboxed","site-sidebar-style":"unboxed","ast-global-header-display":"","ast-banner-title-visibility":"","ast-main-header-display":"","ast-hfb-above-header-display":"","ast-hfb-below-header-display":"","ast-hfb-mobile-header-display":"","site-post-title":"disabled","ast-breadcrumbs-content":"","ast-featured-img":"disabled","footer-sml-layout":"","ast-disable-related-posts":"","theme-transparent-header-meta":"enabled","adv-header-id-meta":"","stick-header-meta":"","header-above-stick-meta":"","header-main-stick-meta":"","header-below-stick-meta":"","astra-migrate-meta-layouts":"set","ast-page-background-enabled":"default","ast-page-background-meta":{"desktop":{"background-color":"","background-image":"","background-repeat":"repeat","background-position":"center center","background-size":"auto","background-attachment":"scroll","background-type":"","background-media":"","overlay-type":"","overlay-color":"","overlay-opacity":"","overlay-gradient":""},"tablet":{"background-color":"","background-image":"","background-repeat":"repeat","background-position":"center center","background-size":"auto","background-attachment":"scroll","background-type":"","background-media":"","overlay-type":"","overlay-color":"","overlay-opacity":"","overlay-gradient":""},"mobile":{"background-color":"","background-image":"","background-repeat":"repeat","background-position":"center center","background-size":"auto","background-attachment":"scroll","background-type":"","background-media":"","overlay-type":"","overlay-color":"","overlay-opacity":"","overlay-gradient":""}},"ast-content-background-meta":{"desktop":{"background-color":"var(--ast-global-color-5)","background-image":"","background-repeat":"repeat","background-position":"center center","background-size":"auto","background-attachment":"scroll","background-type":"","background-media":"","overlay-type":"","overlay-color":"","overlay-opacity":"","overlay-gradient":""},"tablet":{"background-color":"var(--ast-global-color-5)","background-image":"","background-repeat":"repeat","background-position":"center center","background-size":"auto","background-attachment":"scroll","background-type":"","background-media":"","overlay-type":"","overlay-color":"","overlay-opacity":"","overlay-gradient":""},"mobile":{"background-color":"var(--ast-global-color-5)","background-image":"","background-repeat":"repeat","background-position":"center center","background-size":"auto","background-attachment":"scroll","background-type":"","background-media":"","overlay-type":"","overlay-color":"","overlay-opacity":"","overlay-gradient":""}},"footnotes":""},"class_list":["post-5502","page","type-page","status-publish","hentry"],"aioseo_notices":[],"jetpack_sharing_enabled":true,"_links":{"self":[{"href":"https:\/\/x-revup.com\/fr\/wp-json\/wp\/v2\/pages\/5502","targetHints":{"allow":["GET"]}}],"collection":[{"href":"https:\/\/x-revup.com\/fr\/wp-json\/wp\/v2\/pages"}],"about":[{"href":"https:\/\/x-revup.com\/fr\/wp-json\/wp\/v2\/types\/page"}],"author":[{"embeddable":true,"href":"https:\/\/x-revup.com\/fr\/wp-json\/wp\/v2\/users\/1"}],"replies":[{"embeddable":true,"href":"https:\/\/x-revup.com\/fr\/wp-json\/wp\/v2\/comments?post=5502"}],"version-history":[{"count":56,"href":"https:\/\/x-revup.com\/fr\/wp-json\/wp\/v2\/pages\/5502\/revisions"}],"predecessor-version":[{"id":7428,"href":"https:\/\/x-revup.com\/fr\/wp-json\/wp\/v2\/pages\/5502\/revisions\/7428"}],"wp:attachment":[{"href":"https:\/\/x-revup.com\/fr\/wp-json\/wp\/v2\/media?parent=5502"}],"curies":[{"name":"wp","href":"https:\/\/api.w.org\/{rel}","templated":true}]}}